{"id":9097,"date":"2024-06-21T13:00:02","date_gmt":"2024-06-21T11:00:02","guid":{"rendered":"https:\/\/jelstrupatvudlejning.dk\/priser\/"},"modified":"2026-02-18T12:48:30","modified_gmt":"2026-02-18T11:48:30","slug":"prices","status":"publish","type":"page","link":"https:\/\/jelstrupatvudlejning.dk\/en\/prices\/","title":{"rendered":"Prices"},"content":{"rendered":"\t\t<div data-elementor-type=\"wp-page\" data-elementor-id=\"9097\" class=\"elementor elementor-9097 elementor-9059\" data-elementor-post-type=\"page\">\n\t\t\t\t<div class=\"elementor-element elementor-element-21feb489 e-con-full no-padding e-flex e-con e-parent\" data-id=\"21feb489\" data-element_type=\"container\">\n\t\t\t\t<div class=\"elementor-element elementor-element-4bfa1dbf elementor-widget elementor-widget-shortcode\" data-id=\"4bfa1dbf\" data-element_type=\"widget\" data-widget_type=\"shortcode.default\">\n\t\t\t\t<div class=\"elementor-widget-container\">\n\t\t\t\t\t<div class=\"elementor-shortcode\">\t\t<div data-elementor-type=\"container\" data-elementor-id=\"9125\" class=\"elementor elementor-9125 elementor-6542\" data-elementor-post-type=\"elementor_library\">\n\t\t\t\t<div class=\"elementor-element elementor-element-2bc4b5ab white e-flex e-con-boxed e-con e-parent\" data-id=\"2bc4b5ab\" data-element_type=\"container\" data-settings=\"{&quot;background_background&quot;:&quot;classic&quot;}\">\n\t\t\t\t\t<div class=\"e-con-inner\">\n\t\t\t\t<div class=\"elementor-element elementor-element-76aa15a9 elementor-widget elementor-widget-text-editor\" data-id=\"76aa15a9\" data-element_type=\"widget\" data-widget_type=\"text-editor.default\">\n\t\t\t\t<div class=\"elementor-widget-container\">\n\t\t\t<style>\/*! elementor - v3.23.0 - 05-08-2024 *\/\n.elementor-widget-text-editor.elementor-drop-cap-view-stacked .elementor-drop-cap{background-color:#69727d;color:#fff}.elementor-widget-text-editor.elementor-drop-cap-view-framed .elementor-drop-cap{color:#69727d;border:3px solid;background-color:transparent}.elementor-widget-text-editor:not(.elementor-drop-cap-view-default) .elementor-drop-cap{margin-top:8px}.elementor-widget-text-editor:not(.elementor-drop-cap-view-default) .elementor-drop-cap-letter{width:1em;height:1em}.elementor-widget-text-editor .elementor-drop-cap{float:left;text-align:center;line-height:1;font-size:50px}.elementor-widget-text-editor .elementor-drop-cap-letter{display:inline-block}<\/style>\t\t\t\t Let us handle your next task. Here you can get an insight into what we can help you with in this area\t\t\t\t\t\t<\/div>\n\t\t\t\t<\/div>\n\t\t\t\t<div class=\"elementor-element elementor-element-1d645c29 elementor-icon-list--layout-inline elementor-align-center elementor-list-item-link-full_width elementor-widget elementor-widget-icon-list\" data-id=\"1d645c29\" data-element_type=\"widget\" data-widget_type=\"icon-list.default\">\n\t\t\t\t<div class=\"elementor-widget-container\">\n\t\t\t<link rel=\"stylesheet\" href=\"https:\/\/jelstrupatvudlejning.dk\/wp-content\/uploads\/elementor\/css\/custom-widget-icon-list.min.css?ver=1773659832\">\t\t<ul class=\"elementor-icon-list-items elementor-inline-items\">\n\t\t\t\t\t\t\t<li class=\"elementor-icon-list-item elementor-inline-item\">\n\t\t\t\t\t\t\t\t\t\t\t<a href=\"tel:24411550\">\n\n\t\t\t\t\t\t\t\t\t\t\t<span class=\"elementor-icon-list-text\">(+45) 24 41 15 50<\/span>\n\t\t\t\t\t\t\t\t\t\t\t<\/a>\n\t\t\t\t\t\t\t\t\t<\/li>\n\t\t\t\t\t\t\t\t<li class=\"elementor-icon-list-item elementor-inline-item\">\n\t\t\t\t\t\t\t\t\t\t\t<a href=\"mailto:jelstrupatv@icloud.com\">\n\n\t\t\t\t\t\t\t\t\t\t\t<span class=\"elementor-icon-list-text\">jelstrupatv@icloud.com<\/span>\n\t\t\t\t\t\t\t\t\t\t\t<\/a>\n\t\t\t\t\t\t\t\t\t<\/li>\n\t\t\t\t\t\t<\/ul>\n\t\t\t\t<\/div>\n\t\t\t\t<\/div>\n\t\t\t\t\t<\/div>\n\t\t\t\t<\/div>\n\t\t\t\t<\/div>\n\t\t<\/div>\n\t\t\t\t<\/div>\n\t\t\t\t<\/div>\n\t\t\t\t<\/div>\n\t\t<div class=\"elementor-element elementor-element-927bb44 e-flex e-con-boxed e-con e-parent\" data-id=\"927bb44\" data-element_type=\"container\">\n\t\t\t\t\t<div class=\"e-con-inner\">\n\t\t\t\t<div class=\"elementor-element elementor-element-aaadc18 elementor-widget elementor-widget-text-editor\" data-id=\"aaadc18\" data-element_type=\"widget\" data-widget_type=\"text-editor.default\">\n\t\t\t\t<div class=\"elementor-widget-container\">\n\t\t\t\t\t\t\t<div class=\"wDYxhc\" lang=\"da-DK\" data-md=\"83\"><div class=\"di3YZe\"><div class=\"co8aDb\" role=\"heading\" aria-level=\"3\"><h2 style=\"text-align: center;\"><strong>Prices<\/strong><\/h2><p style=\"text-align: center;\"><strong>Prices valid from 1\/1 2026<\/strong><\/p><p style=\"text-align: center;\">1 hour = <strong>DKK 625.<br \/><\/strong><br \/>2 hours = <strong>DKK 1150.<br \/><\/strong><br \/>4 hours = <strong>DKK 2100.<br \/><\/strong><br \/>8 hours = <strong>DKK 3800.<br \/><\/strong><br \/>It is a supplement of <strong>DKK 300 for UTV.<\/strong><\/p><p style=\"text-align: center;\"><strong>Contact us for longer periods or special requests<\/strong><\/p><\/div><\/div><\/div>\t\t\t\t\t\t<\/div>\n\t\t\t\t<\/div>\n\t\t\t\t\t<\/div>\n\t\t\t\t<\/div>\n\t\t<div class=\"elementor-element elementor-element-6f258eb9 overlay white e-flex e-con-boxed e-con e-parent\" data-id=\"6f258eb9\" data-element_type=\"container\" data-settings=\"{&quot;background_background&quot;:&quot;classic&quot;}\">\n\t\t\t\t\t<div class=\"e-con-inner\">\n\t\t\t\t<div class=\"elementor-element elementor-element-635f0a3d elementor-widget__width-initial elementor-widget elementor-widget-text-editor\" data-id=\"635f0a3d\" data-element_type=\"widget\" data-widget_type=\"text-editor.default\">\n\t\t\t\t<div class=\"elementor-widget-container\">\n\t\t\t\t\t\t\t<h6 style=\"text-align: center;\"><strong>CONTACT US TODAY<\/strong><\/h6><h3 style=\"text-align: center;\">Want to know more?<\/h3><p style=\"text-align: center;\">If you do not find enough information about your desired task here on our website, you are always very welcome to contact us for a non-binding chat and possibly an offer for the task.<\/p><p style=\"text-align: center;\">Call us on the phone\u00a0<a href=\"tel:24411550\">(+45) 24 41 15 50<\/a>\u00a0or send an email to\u00a0<a href=\"mailto:jelstrupatv@icloud.com\">jelstrupatv@icloud.com<\/a>. We will answer your inquiry as soon as possible.<\/p>\t\t\t\t\t\t<\/div>\n\t\t\t\t<\/div>\n\t\t\t\t<div class=\"elementor-element elementor-element-61add14 elementor-align-center cta elementor-widget elementor-widget-button\" data-id=\"61add14\" data-element_type=\"widget\" data-widget_type=\"button.default\">\n\t\t\t\t<div class=\"elementor-widget-container\">\n\t\t\t\t\t<div class=\"elementor-button-wrapper\">\n\t\t\t<a class=\"elementor-button elementor-button-link elementor-size-sm\" href=\"\/kontakt\/\">\n\t\t\t\t\t\t<span class=\"elementor-button-content-wrapper\">\n\t\t\t\t\t\t\t\t\t<span class=\"elementor-button-text\">Contact us today<\/span>\n\t\t\t\t\t<\/span>\n\t\t\t\t\t<\/a>\n\t\t<\/div>\n\t\t\t\t<\/div>\n\t\t\t\t<\/div>\n\t\t\t\t\t<\/div>\n\t\t\t\t<\/div>\n\t\t\t\t<\/div>\n\t\t","protected":false},"excerpt":{"rendered":"<p>Prices Prices valid from 1\/1 2026 1 hour = DKK 625.2 hours = DKK 1150.4 hours = DKK 2100.8 hours = DKK 3800.It is a supplement of DKK 300 for UTV. Contact us for longer periods or special requests CONTACT US TODAY Want to know more? If you do not find enough information about your &#8230; <a title=\"Prices\" class=\"read-more\" href=\"https:\/\/jelstrupatvudlejning.dk\/en\/prices\/\" aria-label=\"Read more about Prices\">Read more<\/a><\/p>\n","protected":false},"author":8,"featured_media":8814,"parent":0,"menu_order":0,"comment_status":"closed","ping_status":"closed","template":"","meta":{"_acf_changed":false,"footnotes":""},"categories":[],"class_list":["post-9097","page","type-page","status-publish","has-post-thumbnail"],"acf":[],"yoast_head":"<!-- This site is optimized with the Yoast SEO plugin v26.1 - https:\/\/yoast.com\/wordpress\/plugins\/seo\/ -->\n<title>Prices | Jelstrup ATV udlejning og br\u00e6ndesalg<\/title>\n<meta name=\"robots\" content=\"index, follow, max-snippet:-1, max-image-preview:large, max-video-preview:-1\" \/>\n<link rel=\"canonical\" href=\"https:\/\/jelstrupatvudlejning.dk\/priser\/\" \/>\n<meta property=\"og:locale\" content=\"en_US\" \/>\n<meta property=\"og:type\" content=\"article\" \/>\n<meta property=\"og:title\" content=\"Prices | Jelstrup ATV udlejning og br\u00e6ndesalg\" \/>\n<meta property=\"og:description\" content=\"Prices Prices valid from 1\/1 2026 1 hour = DKK 625.2 hours = DKK 1150.4 hours = DKK 2100.8 hours = DKK 3800.It is a supplement of DKK 300 for UTV. Contact us for longer periods or special requests CONTACT US TODAY Want to know more? If you do not find enough information about your ... Read more\" \/>\n<meta property=\"og:url\" content=\"https:\/\/jelstrupatvudlejning.dk\/priser\/\" \/>\n<meta property=\"og:site_name\" content=\"Jelstrup ATV udlejning og br\u00e6ndesalg\" \/>\n<meta property=\"article:modified_time\" content=\"2026-02-18T11:48:30+00:00\" \/>\n<meta property=\"og:image\" content=\"https:\/\/jelstrupatvudlejning.dk\/wp-content\/uploads\/2024\/06\/Skaermbillede-2024-06-03-145410.jpg\" \/>\n\t<meta property=\"og:image:width\" content=\"1181\" \/>\n\t<meta property=\"og:image:height\" content=\"660\" \/>\n\t<meta property=\"og:image:type\" content=\"image\/jpeg\" \/>\n<meta name=\"twitter:card\" content=\"summary_large_image\" \/>\n<script type=\"application\/ld+json\" class=\"yoast-schema-graph\">{\"@context\":\"https:\/\/schema.org\",\"@graph\":[{\"@type\":\"WebPage\",\"@id\":\"https:\/\/jelstrupatvudlejning.dk\/priser\/\",\"url\":\"https:\/\/jelstrupatvudlejning.dk\/priser\/\",\"name\":\"Prices | Jelstrup ATV udlejning og br\u00e6ndesalg\",\"isPartOf\":{\"@id\":\"https:\/\/jelstrupatvudlejning.dk\/#website\"},\"primaryImageOfPage\":{\"@id\":\"https:\/\/jelstrupatvudlejning.dk\/priser\/#primaryimage\"},\"image\":{\"@id\":\"https:\/\/jelstrupatvudlejning.dk\/priser\/#primaryimage\"},\"thumbnailUrl\":\"https:\/\/jelstrupatvudlejning.dk\/wp-content\/uploads\/2024\/06\/Skaermbillede-2024-06-03-145410.jpg\",\"datePublished\":\"2024-06-21T11:00:02+00:00\",\"dateModified\":\"2026-02-18T11:48:30+00:00\",\"breadcrumb\":{\"@id\":\"https:\/\/jelstrupatvudlejning.dk\/priser\/#breadcrumb\"},\"inLanguage\":\"en-US\",\"potentialAction\":[{\"@type\":\"ReadAction\",\"target\":[\"https:\/\/jelstrupatvudlejning.dk\/priser\/\"]}]},{\"@type\":\"ImageObject\",\"inLanguage\":\"en-US\",\"@id\":\"https:\/\/jelstrupatvudlejning.dk\/priser\/#primaryimage\",\"url\":\"https:\/\/jelstrupatvudlejning.dk\/wp-content\/uploads\/2024\/06\/Skaermbillede-2024-06-03-145410.jpg\",\"contentUrl\":\"https:\/\/jelstrupatvudlejning.dk\/wp-content\/uploads\/2024\/06\/Skaermbillede-2024-06-03-145410.jpg\",\"width\":1181,\"height\":660},{\"@type\":\"BreadcrumbList\",\"@id\":\"https:\/\/jelstrupatvudlejning.dk\/priser\/#breadcrumb\",\"itemListElement\":[{\"@type\":\"ListItem\",\"position\":1,\"name\":\"Forside\",\"item\":\"https:\/\/jelstrupatvudlejning.dk\/\"},{\"@type\":\"ListItem\",\"position\":2,\"name\":\"Prices\"}]},{\"@type\":\"WebSite\",\"@id\":\"https:\/\/jelstrupatvudlejning.dk\/#website\",\"url\":\"https:\/\/jelstrupatvudlejning.dk\/\",\"name\":\"Jelstrup ATV udlejning og br\u00e6ndesalg\",\"description\":\"Jelstrup ATV udlejning og br\u00e6ndesalg tilbyder aktiviteter i L\u00f8kken,-  Blokhus,- Hj\u00f8rring,- Br\u00f8nderslev og Frederikshavn\",\"publisher\":{\"@id\":\"https:\/\/jelstrupatvudlejning.dk\/#organization\"},\"potentialAction\":[{\"@type\":\"SearchAction\",\"target\":{\"@type\":\"EntryPoint\",\"urlTemplate\":\"https:\/\/jelstrupatvudlejning.dk\/?s={search_term_string}\"},\"query-input\":{\"@type\":\"PropertyValueSpecification\",\"valueRequired\":true,\"valueName\":\"search_term_string\"}}],\"inLanguage\":\"en-US\"},{\"@type\":\"Organization\",\"@id\":\"https:\/\/jelstrupatvudlejning.dk\/#organization\",\"name\":\"Jelstrup ATV udlejning og br\u00e6ndesalg\",\"url\":\"https:\/\/jelstrupatvudlejning.dk\/\",\"logo\":{\"@type\":\"ImageObject\",\"inLanguage\":\"en-US\",\"@id\":\"https:\/\/jelstrupatvudlejning.dk\/#\/schema\/logo\/image\/\",\"url\":\"https:\/\/jelstrupatvudlejning.dk\/wp-content\/uploads\/2024\/05\/ATV-logo.png\",\"contentUrl\":\"https:\/\/jelstrupatvudlejning.dk\/wp-content\/uploads\/2024\/05\/ATV-logo.png\",\"width\":666,\"height\":375,\"caption\":\"Jelstrup ATV udlejning og br\u00e6ndesalg\"},\"image\":{\"@id\":\"https:\/\/jelstrupatvudlejning.dk\/#\/schema\/logo\/image\/\"}}]}<\/script>\n<!-- \/ Yoast SEO plugin. -->","yoast_head_json":{"title":"Prices | Jelstrup ATV udlejning og br\u00e6ndesalg","robots":{"index":"index","follow":"follow","max-snippet":"max-snippet:-1","max-image-preview":"max-image-preview:large","max-video-preview":"max-video-preview:-1"},"canonical":"https:\/\/jelstrupatvudlejning.dk\/priser\/","og_locale":"en_US","og_type":"article","og_title":"Prices | Jelstrup ATV udlejning og br\u00e6ndesalg","og_description":"Prices Prices valid from 1\/1 2026 1 hour = DKK 625.2 hours = DKK 1150.4 hours = DKK 2100.8 hours = DKK 3800.It is a supplement of DKK 300 for UTV. Contact us for longer periods or special requests CONTACT US TODAY Want to know more? If you do not find enough information about your ... Read more","og_url":"https:\/\/jelstrupatvudlejning.dk\/priser\/","og_site_name":"Jelstrup ATV udlejning og br\u00e6ndesalg","article_modified_time":"2026-02-18T11:48:30+00:00","og_image":[{"width":1181,"height":660,"url":"https:\/\/jelstrupatvudlejning.dk\/wp-content\/uploads\/2024\/06\/Skaermbillede-2024-06-03-145410.jpg","type":"image\/jpeg"}],"twitter_card":"summary_large_image","schema":{"@context":"https:\/\/schema.org","@graph":[{"@type":"WebPage","@id":"https:\/\/jelstrupatvudlejning.dk\/priser\/","url":"https:\/\/jelstrupatvudlejning.dk\/priser\/","name":"Prices | Jelstrup ATV udlejning og br\u00e6ndesalg","isPartOf":{"@id":"https:\/\/jelstrupatvudlejning.dk\/#website"},"primaryImageOfPage":{"@id":"https:\/\/jelstrupatvudlejning.dk\/priser\/#primaryimage"},"image":{"@id":"https:\/\/jelstrupatvudlejning.dk\/priser\/#primaryimage"},"thumbnailUrl":"https:\/\/jelstrupatvudlejning.dk\/wp-content\/uploads\/2024\/06\/Skaermbillede-2024-06-03-145410.jpg","datePublished":"2024-06-21T11:00:02+00:00","dateModified":"2026-02-18T11:48:30+00:00","breadcrumb":{"@id":"https:\/\/jelstrupatvudlejning.dk\/priser\/#breadcrumb"},"inLanguage":"en-US","potentialAction":[{"@type":"ReadAction","target":["https:\/\/jelstrupatvudlejning.dk\/priser\/"]}]},{"@type":"ImageObject","inLanguage":"en-US","@id":"https:\/\/jelstrupatvudlejning.dk\/priser\/#primaryimage","url":"https:\/\/jelstrupatvudlejning.dk\/wp-content\/uploads\/2024\/06\/Skaermbillede-2024-06-03-145410.jpg","contentUrl":"https:\/\/jelstrupatvudlejning.dk\/wp-content\/uploads\/2024\/06\/Skaermbillede-2024-06-03-145410.jpg","width":1181,"height":660},{"@type":"BreadcrumbList","@id":"https:\/\/jelstrupatvudlejning.dk\/priser\/#breadcrumb","itemListElement":[{"@type":"ListItem","position":1,"name":"Forside","item":"https:\/\/jelstrupatvudlejning.dk\/"},{"@type":"ListItem","position":2,"name":"Prices"}]},{"@type":"WebSite","@id":"https:\/\/jelstrupatvudlejning.dk\/#website","url":"https:\/\/jelstrupatvudlejning.dk\/","name":"Jelstrup ATV udlejning og br\u00e6ndesalg","description":"Jelstrup ATV udlejning og br\u00e6ndesalg tilbyder aktiviteter i L\u00f8kken,-  Blokhus,- Hj\u00f8rring,- Br\u00f8nderslev og Frederikshavn","publisher":{"@id":"https:\/\/jelstrupatvudlejning.dk\/#organization"},"potentialAction":[{"@type":"SearchAction","target":{"@type":"EntryPoint","urlTemplate":"https:\/\/jelstrupatvudlejning.dk\/?s={search_term_string}"},"query-input":{"@type":"PropertyValueSpecification","valueRequired":true,"valueName":"search_term_string"}}],"inLanguage":"en-US"},{"@type":"Organization","@id":"https:\/\/jelstrupatvudlejning.dk\/#organization","name":"Jelstrup ATV udlejning og br\u00e6ndesalg","url":"https:\/\/jelstrupatvudlejning.dk\/","logo":{"@type":"ImageObject","inLanguage":"en-US","@id":"https:\/\/jelstrupatvudlejning.dk\/#\/schema\/logo\/image\/","url":"https:\/\/jelstrupatvudlejning.dk\/wp-content\/uploads\/2024\/05\/ATV-logo.png","contentUrl":"https:\/\/jelstrupatvudlejning.dk\/wp-content\/uploads\/2024\/05\/ATV-logo.png","width":666,"height":375,"caption":"Jelstrup ATV udlejning og br\u00e6ndesalg"},"image":{"@id":"https:\/\/jelstrupatvudlejning.dk\/#\/schema\/logo\/image\/"}}]}},"_links":{"self":[{"href":"https:\/\/jelstrupatvudlejning.dk\/en\/wp-json\/wp\/v2\/pages\/9097","targetHints":{"allow":["GET"]}}],"collection":[{"href":"https:\/\/jelstrupatvudlejning.dk\/en\/wp-json\/wp\/v2\/pages"}],"about":[{"href":"https:\/\/jelstrupatvudlejning.dk\/en\/wp-json\/wp\/v2\/types\/page"}],"author":[{"embeddable":true,"href":"https:\/\/jelstrupatvudlejning.dk\/en\/wp-json\/wp\/v2\/users\/8"}],"replies":[{"embeddable":true,"href":"https:\/\/jelstrupatvudlejning.dk\/en\/wp-json\/wp\/v2\/comments?post=9097"}],"version-history":[{"count":10,"href":"https:\/\/jelstrupatvudlejning.dk\/en\/wp-json\/wp\/v2\/pages\/9097\/revisions"}],"predecessor-version":[{"id":9509,"href":"https:\/\/jelstrupatvudlejning.dk\/en\/wp-json\/wp\/v2\/pages\/9097\/revisions\/9509"}],"wp:featuredmedia":[{"embeddable":true,"href":"https:\/\/jelstrupatvudlejning.dk\/en\/wp-json\/wp\/v2\/media\/8814"}],"wp:attachment":[{"href":"https:\/\/jelstrupatvudlejning.dk\/en\/wp-json\/wp\/v2\/media?parent=9097"}],"wp:term":[{"taxonomy":"category","embeddable":true,"href":"https:\/\/jelstrupatvudlejning.dk\/en\/wp-json\/wp\/v2\/categories?post=9097"}],"curies":[{"name":"wp","href":"https:\/\/api.w.org\/{rel}","templated":true}]}}