{"id":8910,"date":"2024-06-04T07:41:03","date_gmt":"2024-06-04T05:41:03","guid":{"rendered":"https:\/\/jelstrupatvudlejning.dk\/conditions\/"},"modified":"2024-06-11T08:19:13","modified_gmt":"2024-06-11T06:19:13","slug":"conditions","status":"publish","type":"page","link":"https:\/\/jelstrupatvudlejning.dk\/en\/conditions\/","title":{"rendered":"Conditions"},"content":{"rendered":"\t\t<div data-elementor-type=\"wp-page\" data-elementor-id=\"8910\" class=\"elementor elementor-8910 elementor-8702\" data-elementor-post-type=\"page\">\n\t\t\t\t<div class=\"elementor-element elementor-element-52563464 e-con-full no-padding e-flex e-con e-parent\" data-id=\"52563464\" data-element_type=\"container\">\n\t\t\t\t<div class=\"elementor-element elementor-element-614ff7e4 elementor-widget elementor-widget-shortcode\" data-id=\"614ff7e4\" data-element_type=\"widget\" data-widget_type=\"shortcode.default\">\n\t\t\t\t<div class=\"elementor-widget-container\">\n\t\t\t\t\t<div class=\"elementor-shortcode\">\t\t<div data-elementor-type=\"container\" data-elementor-id=\"9125\" class=\"elementor elementor-9125 elementor-6542\" data-elementor-post-type=\"elementor_library\">\n\t\t\t\t<div class=\"elementor-element elementor-element-2bc4b5ab white e-flex e-con-boxed e-con e-parent\" data-id=\"2bc4b5ab\" data-element_type=\"container\" data-settings=\"{&quot;background_background&quot;:&quot;classic&quot;}\">\n\t\t\t\t\t<div class=\"e-con-inner\">\n\t\t\t\t<div class=\"elementor-element elementor-element-76aa15a9 elementor-widget elementor-widget-text-editor\" data-id=\"76aa15a9\" data-element_type=\"widget\" data-widget_type=\"text-editor.default\">\n\t\t\t\t<div class=\"elementor-widget-container\">\n\t\t\t<style>\/*! elementor - v3.23.0 - 05-08-2024 *\/\n.elementor-widget-text-editor.elementor-drop-cap-view-stacked .elementor-drop-cap{background-color:#69727d;color:#fff}.elementor-widget-text-editor.elementor-drop-cap-view-framed .elementor-drop-cap{color:#69727d;border:3px solid;background-color:transparent}.elementor-widget-text-editor:not(.elementor-drop-cap-view-default) .elementor-drop-cap{margin-top:8px}.elementor-widget-text-editor:not(.elementor-drop-cap-view-default) .elementor-drop-cap-letter{width:1em;height:1em}.elementor-widget-text-editor .elementor-drop-cap{float:left;text-align:center;line-height:1;font-size:50px}.elementor-widget-text-editor .elementor-drop-cap-letter{display:inline-block}<\/style>\t\t\t\t Let us handle your next task. Here you can get an insight into what we can help you with in this area\t\t\t\t\t\t<\/div>\n\t\t\t\t<\/div>\n\t\t\t\t<div class=\"elementor-element elementor-element-1d645c29 elementor-icon-list--layout-inline elementor-align-center elementor-list-item-link-full_width elementor-widget elementor-widget-icon-list\" data-id=\"1d645c29\" data-element_type=\"widget\" data-widget_type=\"icon-list.default\">\n\t\t\t\t<div class=\"elementor-widget-container\">\n\t\t\t<link rel=\"stylesheet\" href=\"https:\/\/jelstrupatvudlejning.dk\/wp-content\/uploads\/elementor\/css\/custom-widget-icon-list.min.css?ver=1773659832\">\t\t<ul class=\"elementor-icon-list-items elementor-inline-items\">\n\t\t\t\t\t\t\t<li class=\"elementor-icon-list-item elementor-inline-item\">\n\t\t\t\t\t\t\t\t\t\t\t<a href=\"tel:24411550\">\n\n\t\t\t\t\t\t\t\t\t\t\t<span class=\"elementor-icon-list-text\">(+45) 24 41 15 50<\/span>\n\t\t\t\t\t\t\t\t\t\t\t<\/a>\n\t\t\t\t\t\t\t\t\t<\/li>\n\t\t\t\t\t\t\t\t<li class=\"elementor-icon-list-item elementor-inline-item\">\n\t\t\t\t\t\t\t\t\t\t\t<a href=\"mailto:jelstrupatv@icloud.com\">\n\n\t\t\t\t\t\t\t\t\t\t\t<span class=\"elementor-icon-list-text\">jelstrupatv@icloud.com<\/span>\n\t\t\t\t\t\t\t\t\t\t\t<\/a>\n\t\t\t\t\t\t\t\t\t<\/li>\n\t\t\t\t\t\t<\/ul>\n\t\t\t\t<\/div>\n\t\t\t\t<\/div>\n\t\t\t\t\t<\/div>\n\t\t\t\t<\/div>\n\t\t\t\t<\/div>\n\t\t<\/div>\n\t\t\t\t<\/div>\n\t\t\t\t<\/div>\n\t\t\t\t<\/div>\n\t\t<div class=\"elementor-element elementor-element-584a4f33 e-flex e-con-boxed e-con e-parent\" data-id=\"584a4f33\" data-element_type=\"container\">\n\t\t\t\t\t<div class=\"e-con-inner\">\n\t\t<div class=\"elementor-element elementor-element-1b52a0d e-con-full e-flex e-con e-child\" data-id=\"1b52a0d\" data-element_type=\"container\">\n\t\t\t\t<div class=\"elementor-element elementor-element-3e29febc elementor-widget elementor-widget-text-editor\" data-id=\"3e29febc\" data-element_type=\"widget\" data-widget_type=\"text-editor.default\">\n\t\t\t\t<div class=\"elementor-widget-container\">\n\t\t\t\t\t\t\t<h2 id=\"betingelser-for-leje-af-atv-hos-jelstrup-atv-udlejning\" class=\"wp-block-heading has-text-align-center\"><span>Conditions for renting an ATV at Jelstrup ATV rental<\/span><\/h2>\n<h3>Reservation and payment<\/h3>\n<ul>\n<li>Reservations can only be made after contacting us via phone, email or the contact form at<a href=\"http:\/\/www.jelstrupatvudlejning.dk\" target=\"_blank\" rel=\"noopener\">www.jelstrupatvudlejning.dk<\/a><\/li>\n<li>RThe reservation is only valid when you receive a confirmation via SMS.<br \/>\nChanges to the reservation must be agreed upon as soon as possible after booking, we cannot guarantee that we will be able to fulfill any new wish.<\/li>\n<li>In case of cancellation later than 4 days before the rental time, a fee of DKK 500 will be charged. .<\/li>\n<li>Payment can be made in cash on delivery, or via Mobilepay.<\/li>\n<\/ul>\n<h3>Prices<\/h3>\n<ul>\n<li>The current price appears in the price list on the Price page and includes the following\n<ul>\n<li>Instruction<\/li>\n<li>Helmets<\/li>\n<li>delivered with fuel (consumption beyond this is the responsibility of the tenant to pay)\n<\/li>\n<li>Cleaning<\/li>\n<\/ul>\n<\/li>\n<\/ul>\n<h3>Pickup<\/h3>\n<ul>\n<li>Always arrive 15 minutes before the reserved time. Here we will go through the machine with you.<\/li>\n<li>A review contains thorough instructions on operating the machine and what you need to pay attention to.<\/li>\n<li>We also review the machine for faults and defects together with the customer. Errors and deficiencies list is presented.<\/li>\n<\/ul>\n<h3>Return<\/h3>\n<ul>\n<li>Return later than 15 minutes after the end of the rental period, invoiced with DKK 500. Per started hour.<\/li>\n<li>Upon return, the machine is inspected for faults and defects. The tenant is liable for damages and defects that occur during the rental period. Comprehensive insurance has been taken out on our machines, the lessee is responsible for the deductible of DKK 5,000. Per damage, or the damage price.<\/li>\n<\/ul>\n<h3>Driving<\/h3>\n<ul>\n<li>All driving is the responsibility of the hirer , Jelstrup ATV rental cannot be held responsible for the hirer&#8217;s use of the machines.<\/li>\n<li>The vehicle must not be driven under the influence of alcohol or drugs.<\/li>\n<li>The vehicle may only be driven by the driver(s) registered at the time of the conclusion of the agreement.<\/li>\n<li>All registered drivers must present a valid driver&#8217;s license for min. Category B, on collection.<\/li>\n<li>All applicable traffic rules must be observed.<\/li>\n<li>hildren over 5 years. Must be transported in the back seat. Children under the age of 5 may not be included on the machine.<\/li>\n<li>It is strictly forbidden to drive on private areas \/ fields, as well as in protected dunes along the coast<\/li>\n<li>Driving in water and streams is permitted, however, to a maximum depth of 35 cm, or until the water reaches the ATV&#8217;s footrests.<\/li>\n<li>Driving in salt water is prohibited. <\/li>\n<li>It is NOT permitted to cross national borders with the rented equipment, this must remain in Denmark<\/li>\n<li>ALL Driving is the responsibility of the hirer.<\/li>\n<li>Show consideration and respect your surroundings.<\/li>\n<\/ul>\n<h3>Reckless driving is strictly prohibited<\/h3>\n<ul>\n<li>(e.g. driving in circles) If the vehicle is damaged due to this, an amount between DKK 5,000-25,000 will be charged. + insurance deductible + VAT.<\/li>\n<\/ul>\n<h3>Damage or machine stoppage<\/h3>\n<ul>\n<li>In the event of any damage or machine breakdown, contact the lessor immediately on tel. 24 41 15 50 to agree on the next course of action. We cannot guarantee replacement machines, but will jointly find a solution.<\/li>\n<\/ul>\n<h3>Monitoring<\/h3>\n<ul>\n<li>Our machines can be equipped with a GPS tracker for reasons of theft, as well as clarification of any violations of the agreement.<\/li>\n<\/ul>\n<h3>Breach of agreement and rules<\/h3>\n<ul>\n<li>All breaches of agreements, rules and legislation are fully at the tenant&#8217;s expense.<\/li>\n<li>DKK 200 is invoiced for fines. For handling the fine<\/li>\n<li>If the equipment is confiscated, the lessee is fully liable for the lessor&#8217;s losses, including new purchases of machinery and loss of turnover.<\/li>\n<\/ul>\n<h3>Ownership<\/h3>\n<ul>\n<li>Nordea Finance Equipment (NFE) is the owner of the equipment and rights according to the lease agreement have been transferred to NFE. Obligations (including for service, insurance and the like) are not transferred. The rental agreement runs for X months (max. 12 months)<\/li>\n<\/ul>\n<h3>Dispute \/ disagreements<\/h3>\n<ul>\n<li>Any dispute that may arise from this agreement will be settled by the Court in Hj\u00f8rring as the place of jurisdiction.<\/li>\n<\/ul>\n<h3>Reservation<\/h3>\n<ul>\n<li>Reservations are made for errors and omissions on the website. Always ask via the contact page if in doubt.\n<\/li>\n<\/ul>\n\t\t\t\t\t\t<\/div>\n\t\t\t\t<\/div>\n\t\t\t\t<\/div>\n\t\t<div class=\"elementor-element elementor-element-17489eeb e-con-full e-flex e-con e-child\" data-id=\"17489eeb\" data-element_type=\"container\">\n\t\t\t\t<\/div>\n\t\t\t\t\t<\/div>\n\t\t\t\t<\/div>\n\t\t<div class=\"elementor-element elementor-element-2ee8e394 overlay white e-flex e-con-boxed e-con e-parent\" data-id=\"2ee8e394\" data-element_type=\"container\" data-settings=\"{&quot;background_background&quot;:&quot;classic&quot;}\">\n\t\t\t\t\t<div class=\"e-con-inner\">\n\t\t\t\t<div class=\"elementor-element elementor-element-5fb58960 elementor-widget__width-initial elementor-widget elementor-widget-text-editor\" data-id=\"5fb58960\" data-element_type=\"widget\" data-widget_type=\"text-editor.default\">\n\t\t\t\t<div class=\"elementor-widget-container\">\n\t\t\t\t\t\t\t<h6 style=\"text-align: center;\">Contact us today<\/h6><h3 style=\"text-align: center;\">Want to know more?<\/h3><p style=\"text-align: center;\">If you do not find enough information about your desired task here on our website, you are always very welcome to contact us for a non-binding chat and possibly an offer for the task.<\/p><p style=\"text-align: center;\">Call us on the phone <a href=\"tel:24411550\">(+45) 24 41 15 50<\/a> or send an email to <a href=\"mailto:jelstrupatv@icloud. com\">jelstrupatv@icloud.com<\/a>. We will answer your inquiry as soon as possible.<\/p>\t\t\t\t\t\t<\/div>\n\t\t\t\t<\/div>\n\t\t\t\t<div class=\"elementor-element elementor-element-30d10485 elementor-align-center cta elementor-widget elementor-widget-button\" data-id=\"30d10485\" data-element_type=\"widget\" data-widget_type=\"button.default\">\n\t\t\t\t<div class=\"elementor-widget-container\">\n\t\t\t\t\t<div class=\"elementor-button-wrapper\">\n\t\t\t<a class=\"elementor-button elementor-button-link elementor-size-sm\" href=\"\/en\/contact\/\">\n\t\t\t\t\t\t<span class=\"elementor-button-content-wrapper\">\n\t\t\t\t\t\t\t\t\t<span class=\"elementor-button-text\">Contact us today<\/span>\n\t\t\t\t\t<\/span>\n\t\t\t\t\t<\/a>\n\t\t<\/div>\n\t\t\t\t<\/div>\n\t\t\t\t<\/div>\n\t\t\t\t\t<\/div>\n\t\t\t\t<\/div>\n\t\t\t\t<\/div>\n\t\t","protected":false},"excerpt":{"rendered":"<p>Conditions for renting an ATV at Jelstrup ATV rental Reservation and payment Reservations can only be made after contacting us via phone, email or the contact form atwww.jelstrupatvudlejning.dk RThe reservation is only valid when you receive a confirmation via SMS. Changes to the reservation must be agreed upon as soon as possible after booking, we &#8230; <a title=\"Conditions\" class=\"read-more\" href=\"https:\/\/jelstrupatvudlejning.dk\/en\/conditions\/\" aria-label=\"Read more about Conditions\">Read more<\/a><\/p>\n","protected":false},"author":8,"featured_media":8784,"parent":0,"menu_order":0,"comment_status":"closed","ping_status":"closed","template":"","meta":{"_acf_changed":false,"footnotes":""},"categories":[],"class_list":["post-8910","page","type-page","status-publish","has-post-thumbnail"],"acf":[],"yoast_head":"<!-- This site is optimized with the Yoast SEO plugin v26.1 - https:\/\/yoast.com\/wordpress\/plugins\/seo\/ -->\n<title>Conditions | Jelstrup ATV udlejning og br\u00e6ndesalg<\/title>\n<meta name=\"robots\" content=\"index, follow, max-snippet:-1, max-image-preview:large, max-video-preview:-1\" \/>\n<link rel=\"canonical\" href=\"https:\/\/jelstrupatvudlejning.dk\/en\/conditions\/\" \/>\n<meta property=\"og:locale\" content=\"en_US\" \/>\n<meta property=\"og:type\" content=\"article\" \/>\n<meta property=\"og:title\" content=\"Conditions | Jelstrup ATV udlejning og br\u00e6ndesalg\" \/>\n<meta property=\"og:description\" content=\"Conditions for renting an ATV at Jelstrup ATV rental Reservation and payment Reservations can only be made after contacting us via phone, email or the contact form atwww.jelstrupatvudlejning.dk RThe reservation is only valid when you receive a confirmation via SMS. Changes to the reservation must be agreed upon as soon as possible after booking, we ... Read more\" \/>\n<meta property=\"og:url\" content=\"https:\/\/jelstrupatvudlejning.dk\/en\/conditions\/\" \/>\n<meta property=\"og:site_name\" content=\"Jelstrup ATV udlejning og br\u00e6ndesalg\" \/>\n<meta property=\"article:modified_time\" content=\"2024-06-11T06:19:13+00:00\" \/>\n<meta property=\"og:image\" content=\"https:\/\/jelstrupatvudlejning.dk\/wp-content\/uploads\/2024\/05\/redigeret-alle-1024x1010-1-1.jpg\" \/>\n\t<meta property=\"og:image:width\" content=\"1024\" \/>\n\t<meta property=\"og:image:height\" content=\"1010\" \/>\n\t<meta property=\"og:image:type\" content=\"image\/jpeg\" \/>\n<meta name=\"twitter:card\" content=\"summary_large_image\" \/>\n<meta name=\"twitter:label1\" content=\"Est. reading time\" \/>\n\t<meta name=\"twitter:data1\" content=\"4 minutes\" \/>\n<script type=\"application\/ld+json\" class=\"yoast-schema-graph\">{\"@context\":\"https:\/\/schema.org\",\"@graph\":[{\"@type\":\"WebPage\",\"@id\":\"https:\/\/jelstrupatvudlejning.dk\/en\/conditions\/\",\"url\":\"https:\/\/jelstrupatvudlejning.dk\/en\/conditions\/\",\"name\":\"Conditions | Jelstrup ATV udlejning og br\u00e6ndesalg\",\"isPartOf\":{\"@id\":\"https:\/\/jelstrupatvudlejning.dk\/#website\"},\"primaryImageOfPage\":{\"@id\":\"https:\/\/jelstrupatvudlejning.dk\/en\/conditions\/#primaryimage\"},\"image\":{\"@id\":\"https:\/\/jelstrupatvudlejning.dk\/en\/conditions\/#primaryimage\"},\"thumbnailUrl\":\"https:\/\/jelstrupatvudlejning.dk\/wp-content\/uploads\/2024\/05\/redigeret-alle-1024x1010-1-1.jpg\",\"datePublished\":\"2024-06-04T05:41:03+00:00\",\"dateModified\":\"2024-06-11T06:19:13+00:00\",\"breadcrumb\":{\"@id\":\"https:\/\/jelstrupatvudlejning.dk\/en\/conditions\/#breadcrumb\"},\"inLanguage\":\"en-US\",\"potentialAction\":[{\"@type\":\"ReadAction\",\"target\":[\"https:\/\/jelstrupatvudlejning.dk\/en\/conditions\/\"]}]},{\"@type\":\"ImageObject\",\"inLanguage\":\"en-US\",\"@id\":\"https:\/\/jelstrupatvudlejning.dk\/en\/conditions\/#primaryimage\",\"url\":\"https:\/\/jelstrupatvudlejning.dk\/wp-content\/uploads\/2024\/05\/redigeret-alle-1024x1010-1-1.jpg\",\"contentUrl\":\"https:\/\/jelstrupatvudlejning.dk\/wp-content\/uploads\/2024\/05\/redigeret-alle-1024x1010-1-1.jpg\",\"width\":1024,\"height\":1010},{\"@type\":\"BreadcrumbList\",\"@id\":\"https:\/\/jelstrupatvudlejning.dk\/en\/conditions\/#breadcrumb\",\"itemListElement\":[{\"@type\":\"ListItem\",\"position\":1,\"name\":\"Forside\",\"item\":\"https:\/\/jelstrupatvudlejning.dk\/\"},{\"@type\":\"ListItem\",\"position\":2,\"name\":\"Conditions\"}]},{\"@type\":\"WebSite\",\"@id\":\"https:\/\/jelstrupatvudlejning.dk\/#website\",\"url\":\"https:\/\/jelstrupatvudlejning.dk\/\",\"name\":\"Jelstrup ATV udlejning og br\u00e6ndesalg\",\"description\":\"Jelstrup ATV udlejning og br\u00e6ndesalg tilbyder aktiviteter i L\u00f8kken,-  Blokhus,- Hj\u00f8rring,- Br\u00f8nderslev og Frederikshavn\",\"publisher\":{\"@id\":\"https:\/\/jelstrupatvudlejning.dk\/#organization\"},\"potentialAction\":[{\"@type\":\"SearchAction\",\"target\":{\"@type\":\"EntryPoint\",\"urlTemplate\":\"https:\/\/jelstrupatvudlejning.dk\/?s={search_term_string}\"},\"query-input\":{\"@type\":\"PropertyValueSpecification\",\"valueRequired\":true,\"valueName\":\"search_term_string\"}}],\"inLanguage\":\"en-US\"},{\"@type\":\"Organization\",\"@id\":\"https:\/\/jelstrupatvudlejning.dk\/#organization\",\"name\":\"Jelstrup ATV udlejning og br\u00e6ndesalg\",\"url\":\"https:\/\/jelstrupatvudlejning.dk\/\",\"logo\":{\"@type\":\"ImageObject\",\"inLanguage\":\"en-US\",\"@id\":\"https:\/\/jelstrupatvudlejning.dk\/#\/schema\/logo\/image\/\",\"url\":\"https:\/\/jelstrupatvudlejning.dk\/wp-content\/uploads\/2024\/05\/ATV-logo.png\",\"contentUrl\":\"https:\/\/jelstrupatvudlejning.dk\/wp-content\/uploads\/2024\/05\/ATV-logo.png\",\"width\":666,\"height\":375,\"caption\":\"Jelstrup ATV udlejning og br\u00e6ndesalg\"},\"image\":{\"@id\":\"https:\/\/jelstrupatvudlejning.dk\/#\/schema\/logo\/image\/\"}}]}<\/script>\n<!-- \/ Yoast SEO plugin. -->","yoast_head_json":{"title":"Conditions | Jelstrup ATV udlejning og br\u00e6ndesalg","robots":{"index":"index","follow":"follow","max-snippet":"max-snippet:-1","max-image-preview":"max-image-preview:large","max-video-preview":"max-video-preview:-1"},"canonical":"https:\/\/jelstrupatvudlejning.dk\/en\/conditions\/","og_locale":"en_US","og_type":"article","og_title":"Conditions | Jelstrup ATV udlejning og br\u00e6ndesalg","og_description":"Conditions for renting an ATV at Jelstrup ATV rental Reservation and payment Reservations can only be made after contacting us via phone, email or the contact form atwww.jelstrupatvudlejning.dk RThe reservation is only valid when you receive a confirmation via SMS. Changes to the reservation must be agreed upon as soon as possible after booking, we ... Read more","og_url":"https:\/\/jelstrupatvudlejning.dk\/en\/conditions\/","og_site_name":"Jelstrup ATV udlejning og br\u00e6ndesalg","article_modified_time":"2024-06-11T06:19:13+00:00","og_image":[{"width":1024,"height":1010,"url":"https:\/\/jelstrupatvudlejning.dk\/wp-content\/uploads\/2024\/05\/redigeret-alle-1024x1010-1-1.jpg","type":"image\/jpeg"}],"twitter_card":"summary_large_image","twitter_misc":{"Est. reading time":"4 minutes"},"schema":{"@context":"https:\/\/schema.org","@graph":[{"@type":"WebPage","@id":"https:\/\/jelstrupatvudlejning.dk\/en\/conditions\/","url":"https:\/\/jelstrupatvudlejning.dk\/en\/conditions\/","name":"Conditions | Jelstrup ATV udlejning og br\u00e6ndesalg","isPartOf":{"@id":"https:\/\/jelstrupatvudlejning.dk\/#website"},"primaryImageOfPage":{"@id":"https:\/\/jelstrupatvudlejning.dk\/en\/conditions\/#primaryimage"},"image":{"@id":"https:\/\/jelstrupatvudlejning.dk\/en\/conditions\/#primaryimage"},"thumbnailUrl":"https:\/\/jelstrupatvudlejning.dk\/wp-content\/uploads\/2024\/05\/redigeret-alle-1024x1010-1-1.jpg","datePublished":"2024-06-04T05:41:03+00:00","dateModified":"2024-06-11T06:19:13+00:00","breadcrumb":{"@id":"https:\/\/jelstrupatvudlejning.dk\/en\/conditions\/#breadcrumb"},"inLanguage":"en-US","potentialAction":[{"@type":"ReadAction","target":["https:\/\/jelstrupatvudlejning.dk\/en\/conditions\/"]}]},{"@type":"ImageObject","inLanguage":"en-US","@id":"https:\/\/jelstrupatvudlejning.dk\/en\/conditions\/#primaryimage","url":"https:\/\/jelstrupatvudlejning.dk\/wp-content\/uploads\/2024\/05\/redigeret-alle-1024x1010-1-1.jpg","contentUrl":"https:\/\/jelstrupatvudlejning.dk\/wp-content\/uploads\/2024\/05\/redigeret-alle-1024x1010-1-1.jpg","width":1024,"height":1010},{"@type":"BreadcrumbList","@id":"https:\/\/jelstrupatvudlejning.dk\/en\/conditions\/#breadcrumb","itemListElement":[{"@type":"ListItem","position":1,"name":"Forside","item":"https:\/\/jelstrupatvudlejning.dk\/"},{"@type":"ListItem","position":2,"name":"Conditions"}]},{"@type":"WebSite","@id":"https:\/\/jelstrupatvudlejning.dk\/#website","url":"https:\/\/jelstrupatvudlejning.dk\/","name":"Jelstrup ATV udlejning og br\u00e6ndesalg","description":"Jelstrup ATV udlejning og br\u00e6ndesalg tilbyder aktiviteter i L\u00f8kken,-  Blokhus,- Hj\u00f8rring,- Br\u00f8nderslev og Frederikshavn","publisher":{"@id":"https:\/\/jelstrupatvudlejning.dk\/#organization"},"potentialAction":[{"@type":"SearchAction","target":{"@type":"EntryPoint","urlTemplate":"https:\/\/jelstrupatvudlejning.dk\/?s={search_term_string}"},"query-input":{"@type":"PropertyValueSpecification","valueRequired":true,"valueName":"search_term_string"}}],"inLanguage":"en-US"},{"@type":"Organization","@id":"https:\/\/jelstrupatvudlejning.dk\/#organization","name":"Jelstrup ATV udlejning og br\u00e6ndesalg","url":"https:\/\/jelstrupatvudlejning.dk\/","logo":{"@type":"ImageObject","inLanguage":"en-US","@id":"https:\/\/jelstrupatvudlejning.dk\/#\/schema\/logo\/image\/","url":"https:\/\/jelstrupatvudlejning.dk\/wp-content\/uploads\/2024\/05\/ATV-logo.png","contentUrl":"https:\/\/jelstrupatvudlejning.dk\/wp-content\/uploads\/2024\/05\/ATV-logo.png","width":666,"height":375,"caption":"Jelstrup ATV udlejning og br\u00e6ndesalg"},"image":{"@id":"https:\/\/jelstrupatvudlejning.dk\/#\/schema\/logo\/image\/"}}]}},"_links":{"self":[{"href":"https:\/\/jelstrupatvudlejning.dk\/en\/wp-json\/wp\/v2\/pages\/8910","targetHints":{"allow":["GET"]}}],"collection":[{"href":"https:\/\/jelstrupatvudlejning.dk\/en\/wp-json\/wp\/v2\/pages"}],"about":[{"href":"https:\/\/jelstrupatvudlejning.dk\/en\/wp-json\/wp\/v2\/types\/page"}],"author":[{"embeddable":true,"href":"https:\/\/jelstrupatvudlejning.dk\/en\/wp-json\/wp\/v2\/users\/8"}],"replies":[{"embeddable":true,"href":"https:\/\/jelstrupatvudlejning.dk\/en\/wp-json\/wp\/v2\/comments?post=8910"}],"version-history":[{"count":4,"href":"https:\/\/jelstrupatvudlejning.dk\/en\/wp-json\/wp\/v2\/pages\/8910\/revisions"}],"predecessor-version":[{"id":8963,"href":"https:\/\/jelstrupatvudlejning.dk\/en\/wp-json\/wp\/v2\/pages\/8910\/revisions\/8963"}],"wp:featuredmedia":[{"embeddable":true,"href":"https:\/\/jelstrupatvudlejning.dk\/en\/wp-json\/wp\/v2\/media\/8784"}],"wp:attachment":[{"href":"https:\/\/jelstrupatvudlejning.dk\/en\/wp-json\/wp\/v2\/media?parent=8910"}],"wp:term":[{"taxonomy":"category","embeddable":true,"href":"https:\/\/jelstrupatvudlejning.dk\/en\/wp-json\/wp\/v2\/categories?post=8910"}],"curies":[{"name":"wp","href":"https:\/\/api.w.org\/{rel}","templated":true}]}}