{"id":8891,"date":"2024-05-27T11:14:15","date_gmt":"2024-05-27T09:14:15","guid":{"rendered":"https:\/\/jelstrupatvudlejning.dk\/book-a-trip\/"},"modified":"2025-07-17T09:27:32","modified_gmt":"2025-07-17T07:27:32","slug":"book-a-trip","status":"publish","type":"page","link":"https:\/\/jelstrupatvudlejning.dk\/en\/book-a-trip\/","title":{"rendered":"Book a trip"},"content":{"rendered":"\t\t<div data-elementor-type=\"wp-page\" data-elementor-id=\"8891\" class=\"elementor elementor-8891 elementor-8551\" data-elementor-post-type=\"page\">\n\t\t\t\t<div class=\"elementor-element elementor-element-6106f85a e-con-full no-padding e-flex e-con e-parent\" data-id=\"6106f85a\" data-element_type=\"container\">\n\t\t\t\t<div class=\"elementor-element elementor-element-34faf6a5 elementor-widget elementor-widget-shortcode\" data-id=\"34faf6a5\" data-element_type=\"widget\" data-widget_type=\"shortcode.default\">\n\t\t\t\t<div class=\"elementor-widget-container\">\n\t\t\t\t\t<div class=\"elementor-shortcode\">\t\t<div data-elementor-type=\"container\" data-elementor-id=\"9125\" class=\"elementor elementor-9125 elementor-6542\" data-elementor-post-type=\"elementor_library\">\n\t\t\t\t<div class=\"elementor-element elementor-element-2bc4b5ab white e-flex e-con-boxed e-con e-parent\" data-id=\"2bc4b5ab\" data-element_type=\"container\" data-settings=\"{&quot;background_background&quot;:&quot;classic&quot;}\">\n\t\t\t\t\t<div class=\"e-con-inner\">\n\t\t\t\t<div class=\"elementor-element elementor-element-76aa15a9 elementor-widget elementor-widget-text-editor\" data-id=\"76aa15a9\" data-element_type=\"widget\" data-widget_type=\"text-editor.default\">\n\t\t\t\t<div class=\"elementor-widget-container\">\n\t\t\t<style>\/*! elementor - v3.23.0 - 05-08-2024 *\/\n.elementor-widget-text-editor.elementor-drop-cap-view-stacked .elementor-drop-cap{background-color:#69727d;color:#fff}.elementor-widget-text-editor.elementor-drop-cap-view-framed .elementor-drop-cap{color:#69727d;border:3px solid;background-color:transparent}.elementor-widget-text-editor:not(.elementor-drop-cap-view-default) .elementor-drop-cap{margin-top:8px}.elementor-widget-text-editor:not(.elementor-drop-cap-view-default) .elementor-drop-cap-letter{width:1em;height:1em}.elementor-widget-text-editor .elementor-drop-cap{float:left;text-align:center;line-height:1;font-size:50px}.elementor-widget-text-editor .elementor-drop-cap-letter{display:inline-block}<\/style>\t\t\t\tDo you need help with this type of task? So read more about what we can offer here.\r\n\t\t\t\t\t\t<\/div>\n\t\t\t\t<\/div>\n\t\t\t\t<div class=\"elementor-element elementor-element-1d645c29 elementor-icon-list--layout-inline elementor-align-center elementor-list-item-link-full_width elementor-widget elementor-widget-icon-list\" data-id=\"1d645c29\" data-element_type=\"widget\" data-widget_type=\"icon-list.default\">\n\t\t\t\t<div class=\"elementor-widget-container\">\n\t\t\t<link rel=\"stylesheet\" href=\"https:\/\/jelstrupatvudlejning.dk\/wp-content\/uploads\/elementor\/css\/custom-widget-icon-list.min.css?ver=1773659832\">\t\t<ul class=\"elementor-icon-list-items elementor-inline-items\">\n\t\t\t\t\t\t\t<li class=\"elementor-icon-list-item elementor-inline-item\">\n\t\t\t\t\t\t\t\t\t\t\t<a href=\"tel:24411550\">\n\n\t\t\t\t\t\t\t\t\t\t\t<span class=\"elementor-icon-list-text\">(+45) 24 41 15 50<\/span>\n\t\t\t\t\t\t\t\t\t\t\t<\/a>\n\t\t\t\t\t\t\t\t\t<\/li>\n\t\t\t\t\t\t\t\t<li class=\"elementor-icon-list-item elementor-inline-item\">\n\t\t\t\t\t\t\t\t\t\t\t<a href=\"mailto:jelstrupatv@icloud.com\">\n\n\t\t\t\t\t\t\t\t\t\t\t<span class=\"elementor-icon-list-text\">jelstrupatv@icloud.com<\/span>\n\t\t\t\t\t\t\t\t\t\t\t<\/a>\n\t\t\t\t\t\t\t\t\t<\/li>\n\t\t\t\t\t\t<\/ul>\n\t\t\t\t<\/div>\n\t\t\t\t<\/div>\n\t\t\t\t\t<\/div>\n\t\t\t\t<\/div>\n\t\t\t\t<\/div>\n\t\t<\/div>\n\t\t\t\t<\/div>\n\t\t\t\t<\/div>\n\t\t\t\t<\/div>\n\t\t<div class=\"elementor-element elementor-element-5846a27a e-flex e-con-boxed e-con e-parent\" data-id=\"5846a27a\" data-element_type=\"container\">\n\t\t\t\t\t<div class=\"e-con-inner\">\n\t\t<div class=\"elementor-element elementor-element-246cc9a1 e-con-full no-padding e-flex e-con e-child\" data-id=\"246cc9a1\" data-element_type=\"container\" data-settings=\"{&quot;background_background&quot;:&quot;classic&quot;}\">\n\t\t<div class=\"elementor-element elementor-element-57aeaf8f e-con-full light padding e-flex e-con e-child\" data-id=\"57aeaf8f\" data-element_type=\"container\">\n\t\t\t\t<div class=\"elementor-element elementor-element-bcdb101 elementor-widget elementor-widget-text-editor\" data-id=\"bcdb101\" data-element_type=\"widget\" data-widget_type=\"text-editor.default\">\n\t\t\t\t<div class=\"elementor-widget-container\">\n\t\t\t\t\t\t\t<h3>Our contact information<\/h3><p><strong>Jelstrup ATV rental and firewood sales<\/strong><br \/>Jelstrupvej 94, 9480 L\u00f8kken<\/p><p><a href=\"tel:24411550\"> (+45) 24 41 15 50<\/a><br \/><a href=\"mailto:jelstrupatv@icloud.com\">jelstrupatv@icloud.com<\/a><\/p><p>CVR no.: 36781327<\/p>\t\t\t\t\t\t<\/div>\n\t\t\t\t<\/div>\n\t\t\t\t<div class=\"elementor-element elementor-element-e05b2f0 elementor-widget elementor-widget-text-editor\" data-id=\"e05b2f0\" data-element_type=\"widget\" data-widget_type=\"text-editor.default\">\n\t\t\t\t<div class=\"elementor-widget-container\">\n\t\t\t\t\t\t\t<div data-olk-copy-source=\"MessageBody\"><p><strong>Here&#8217;s how:<\/strong><br \/>\u2014&gt; choose your experience<br \/>\u2014&gt; then choose the day you want<br \/>\u2014&gt; and then choose the time of day you want to ride.<br \/>\u2014&gt; choose the number of ATVs\/UTVs.<br \/>\u2014&gt; consent to receive confirmation emails.<br \/>\u2014&gt; name-email-phone- confirm and pay.<\/p><p>If you need to change the language, click on the 3 markers to the right of the experience box.<\/p><p><strong>NOTE: You must be 18 years old and have a valid driver&#8217;s license to ride an ATV. Children under 18 can enjoy the experience on the back of the ATV.<\/strong><\/p><\/div>\t\t\t\t\t\t<\/div>\n\t\t\t\t<\/div>\n\t\t\t\t<div class=\"elementor-element elementor-element-bd1855f elementor-widget elementor-widget-text-editor\" data-id=\"bd1855f\" data-element_type=\"widget\" data-widget_type=\"text-editor.default\">\n\t\t\t\t<div class=\"elementor-widget-container\">\n\t\t\t\t\t\t\t<p><strong>Indicative opening hours are as follows:<\/strong><\/p>\n<p>Open by prior agreement<\/p>\n<p>It is always possible to contact \/ book a tour.<\/p>\n\t\t\t\t\t\t<\/div>\n\t\t\t\t<\/div>\n\t\t\t\t<\/div>\n\t\t<div class=\"elementor-element elementor-element-42931070 e-con-full padding e-flex e-con e-child\" data-id=\"42931070\" data-element_type=\"container\">\n\t\t\t\t<div class=\"elementor-element elementor-element-9d25d7c elementor-widget elementor-widget-text-editor\" data-id=\"9d25d7c\" data-element_type=\"widget\" data-widget_type=\"text-editor.default\">\n\t\t\t\t<div class=\"elementor-widget-container\">\n\t\t\t\t\t\t\t<p>\u201cHow to do it: select your experience \u2014&gt; then select the day you want \u2014&gt; and then select the time of day you want to ride. \u2014&gt; select number of ATVs\/UTVs.\u2014&gt; consent to receive confirmation email. \u2014&gt; name-email-phone- confirm and pay.\u201d If you need to change language, press the 3 markers to the right of the experience box.<\/p>\t\t\t\t\t\t<\/div>\n\t\t\t\t<\/div>\n\t\t\t\t<div class=\"elementor-element elementor-element-3a00e8d elementor-widget elementor-widget-html\" data-id=\"3a00e8d\" data-element_type=\"widget\" data-widget_type=\"html.default\">\n\t\t\t\t<div class=\"elementor-widget-container\">\n\t\t\t<!-- Understory Widget Code -->\r\n<script src=\"https:\/\/widgets.understory.io\/widgets\/understory-booking-widget.js\"><\/script>\r\n<div class=\"understory-booking-widget\" data-company-id=\"b32639af51644d93b074116d9df4a86a\" data-language=\"da\"><\/div>\r\n<!-- End Understory Widget Code -->\t\t<\/div>\n\t\t\t\t<\/div>\n\t\t\t\t<\/div>\n\t\t\t\t<\/div>\n\t\t\t\t\t<\/div>\n\t\t\t\t<\/div>\n\t\t<div class=\"elementor-element elementor-element-26a15101 e-con-full no-padding e-flex e-con e-parent\" data-id=\"26a15101\" data-element_type=\"container\">\n\t\t\t\t<div class=\"elementor-element elementor-element-6319a314 elementor-widget elementor-widget-google_maps\" data-id=\"6319a314\" data-element_type=\"widget\" data-widget_type=\"google_maps.default\">\n\t\t\t\t<div class=\"elementor-widget-container\">\n\t\t\t<style>\/*! elementor - v3.23.0 - 05-08-2024 *\/\n.elementor-widget-google_maps .elementor-widget-container{overflow:hidden}.elementor-widget-google_maps .elementor-custom-embed{line-height:0}.elementor-widget-google_maps iframe{height:300px}<\/style>\t\t<div class=\"elementor-custom-embed\">\n\t\t\t<iframe loading=\"lazy\"\n\t\t\t\t\tsrc=\"https:\/\/maps.google.com\/maps?q=Jelstrupvej%2094%2C%209480%20L%C3%B8kken&#038;t=m&#038;z=13&#038;output=embed&#038;iwloc=near\"\n\t\t\t\t\ttitle=\"Jelstrupvej 94, 9480 L\u00f8kken\"\n\t\t\t\t\taria-label=\"Jelstrupvej 94, 9480 L\u00f8kken\"\n\t\t\t><\/iframe>\n\t\t<\/div>\n\t\t\t\t<\/div>\n\t\t\t\t<\/div>\n\t\t\t\t<\/div>\n\t\t\t\t<\/div>\n\t\t","protected":false},"excerpt":{"rendered":"<p>Do you need help with this type of task? So read more about what we can offer here.<\/p>\n","protected":false},"author":8,"featured_media":8746,"parent":0,"menu_order":1000,"comment_status":"closed","ping_status":"closed","template":"","meta":{"_acf_changed":false,"footnotes":""},"categories":[25],"class_list":{"0":"post-8891","1":"page","2":"type-page","3":"status-publish","4":"has-post-thumbnail","6":"category-ydelser"},"acf":[],"yoast_head":"<!-- This site is optimized with the Yoast SEO plugin v26.1 - https:\/\/yoast.com\/wordpress\/plugins\/seo\/ -->\n<title>Book a trip | Jelstrup ATV udlejning og br\u00e6ndesalg<\/title>\n<meta name=\"robots\" content=\"index, follow, max-snippet:-1, max-image-preview:large, max-video-preview:-1\" \/>\n<link rel=\"canonical\" href=\"https:\/\/jelstrupatvudlejning.dk\/book-en-tur\/\" \/>\n<meta property=\"og:locale\" content=\"en_US\" \/>\n<meta property=\"og:type\" content=\"article\" \/>\n<meta property=\"og:title\" content=\"Book a trip | Jelstrup ATV udlejning og br\u00e6ndesalg\" \/>\n<meta property=\"og:description\" content=\"Do you need help with this type of task? So read more about what we can offer here.\" \/>\n<meta property=\"og:url\" content=\"https:\/\/jelstrupatvudlejning.dk\/book-en-tur\/\" \/>\n<meta property=\"og:site_name\" content=\"Jelstrup ATV udlejning og br\u00e6ndesalg\" \/>\n<meta property=\"article:modified_time\" content=\"2025-07-17T07:27:32+00:00\" \/>\n<meta property=\"og:image\" content=\"https:\/\/jelstrupatvudlejning.dk\/wp-content\/uploads\/2024\/05\/thumbnail_image2.jpg\" \/>\n\t<meta property=\"og:image:width\" content=\"828\" \/>\n\t<meta property=\"og:image:height\" content=\"1065\" \/>\n\t<meta property=\"og:image:type\" content=\"image\/jpeg\" \/>\n<meta name=\"twitter:card\" content=\"summary_large_image\" \/>\n<meta name=\"twitter:label1\" content=\"Est. reading time\" \/>\n\t<meta name=\"twitter:data1\" content=\"1 minute\" \/>\n<script type=\"application\/ld+json\" class=\"yoast-schema-graph\">{\"@context\":\"https:\/\/schema.org\",\"@graph\":[{\"@type\":\"WebPage\",\"@id\":\"https:\/\/jelstrupatvudlejning.dk\/book-en-tur\/\",\"url\":\"https:\/\/jelstrupatvudlejning.dk\/book-en-tur\/\",\"name\":\"Book a trip | Jelstrup ATV udlejning og br\u00e6ndesalg\",\"isPartOf\":{\"@id\":\"https:\/\/jelstrupatvudlejning.dk\/#website\"},\"primaryImageOfPage\":{\"@id\":\"https:\/\/jelstrupatvudlejning.dk\/book-en-tur\/#primaryimage\"},\"image\":{\"@id\":\"https:\/\/jelstrupatvudlejning.dk\/book-en-tur\/#primaryimage\"},\"thumbnailUrl\":\"https:\/\/jelstrupatvudlejning.dk\/wp-content\/uploads\/2024\/05\/thumbnail_image2.jpg\",\"datePublished\":\"2024-05-27T09:14:15+00:00\",\"dateModified\":\"2025-07-17T07:27:32+00:00\",\"breadcrumb\":{\"@id\":\"https:\/\/jelstrupatvudlejning.dk\/book-en-tur\/#breadcrumb\"},\"inLanguage\":\"en-US\",\"potentialAction\":[{\"@type\":\"ReadAction\",\"target\":[\"https:\/\/jelstrupatvudlejning.dk\/book-en-tur\/\"]}]},{\"@type\":\"ImageObject\",\"inLanguage\":\"en-US\",\"@id\":\"https:\/\/jelstrupatvudlejning.dk\/book-en-tur\/#primaryimage\",\"url\":\"https:\/\/jelstrupatvudlejning.dk\/wp-content\/uploads\/2024\/05\/thumbnail_image2.jpg\",\"contentUrl\":\"https:\/\/jelstrupatvudlejning.dk\/wp-content\/uploads\/2024\/05\/thumbnail_image2.jpg\",\"width\":828,\"height\":1065},{\"@type\":\"BreadcrumbList\",\"@id\":\"https:\/\/jelstrupatvudlejning.dk\/book-en-tur\/#breadcrumb\",\"itemListElement\":[{\"@type\":\"ListItem\",\"position\":1,\"name\":\"Forside\",\"item\":\"https:\/\/jelstrupatvudlejning.dk\/\"},{\"@type\":\"ListItem\",\"position\":2,\"name\":\"Book a trip\"}]},{\"@type\":\"WebSite\",\"@id\":\"https:\/\/jelstrupatvudlejning.dk\/#website\",\"url\":\"https:\/\/jelstrupatvudlejning.dk\/\",\"name\":\"Jelstrup ATV udlejning og br\u00e6ndesalg\",\"description\":\"Jelstrup ATV udlejning og br\u00e6ndesalg tilbyder aktiviteter i L\u00f8kken,-  Blokhus,- Hj\u00f8rring,- Br\u00f8nderslev og Frederikshavn\",\"publisher\":{\"@id\":\"https:\/\/jelstrupatvudlejning.dk\/#organization\"},\"potentialAction\":[{\"@type\":\"SearchAction\",\"target\":{\"@type\":\"EntryPoint\",\"urlTemplate\":\"https:\/\/jelstrupatvudlejning.dk\/?s={search_term_string}\"},\"query-input\":{\"@type\":\"PropertyValueSpecification\",\"valueRequired\":true,\"valueName\":\"search_term_string\"}}],\"inLanguage\":\"en-US\"},{\"@type\":\"Organization\",\"@id\":\"https:\/\/jelstrupatvudlejning.dk\/#organization\",\"name\":\"Jelstrup ATV udlejning og br\u00e6ndesalg\",\"url\":\"https:\/\/jelstrupatvudlejning.dk\/\",\"logo\":{\"@type\":\"ImageObject\",\"inLanguage\":\"en-US\",\"@id\":\"https:\/\/jelstrupatvudlejning.dk\/#\/schema\/logo\/image\/\",\"url\":\"https:\/\/jelstrupatvudlejning.dk\/wp-content\/uploads\/2024\/05\/ATV-logo.png\",\"contentUrl\":\"https:\/\/jelstrupatvudlejning.dk\/wp-content\/uploads\/2024\/05\/ATV-logo.png\",\"width\":666,\"height\":375,\"caption\":\"Jelstrup ATV udlejning og br\u00e6ndesalg\"},\"image\":{\"@id\":\"https:\/\/jelstrupatvudlejning.dk\/#\/schema\/logo\/image\/\"}}]}<\/script>\n<!-- \/ Yoast SEO plugin. -->","yoast_head_json":{"title":"Book a trip | Jelstrup ATV udlejning og br\u00e6ndesalg","robots":{"index":"index","follow":"follow","max-snippet":"max-snippet:-1","max-image-preview":"max-image-preview:large","max-video-preview":"max-video-preview:-1"},"canonical":"https:\/\/jelstrupatvudlejning.dk\/book-en-tur\/","og_locale":"en_US","og_type":"article","og_title":"Book a trip | Jelstrup ATV udlejning og br\u00e6ndesalg","og_description":"Do you need help with this type of task? So read more about what we can offer here.","og_url":"https:\/\/jelstrupatvudlejning.dk\/book-en-tur\/","og_site_name":"Jelstrup ATV udlejning og br\u00e6ndesalg","article_modified_time":"2025-07-17T07:27:32+00:00","og_image":[{"width":828,"height":1065,"url":"https:\/\/jelstrupatvudlejning.dk\/wp-content\/uploads\/2024\/05\/thumbnail_image2.jpg","type":"image\/jpeg"}],"twitter_card":"summary_large_image","twitter_misc":{"Est. reading time":"1 minute"},"schema":{"@context":"https:\/\/schema.org","@graph":[{"@type":"WebPage","@id":"https:\/\/jelstrupatvudlejning.dk\/book-en-tur\/","url":"https:\/\/jelstrupatvudlejning.dk\/book-en-tur\/","name":"Book a trip | Jelstrup ATV udlejning og br\u00e6ndesalg","isPartOf":{"@id":"https:\/\/jelstrupatvudlejning.dk\/#website"},"primaryImageOfPage":{"@id":"https:\/\/jelstrupatvudlejning.dk\/book-en-tur\/#primaryimage"},"image":{"@id":"https:\/\/jelstrupatvudlejning.dk\/book-en-tur\/#primaryimage"},"thumbnailUrl":"https:\/\/jelstrupatvudlejning.dk\/wp-content\/uploads\/2024\/05\/thumbnail_image2.jpg","datePublished":"2024-05-27T09:14:15+00:00","dateModified":"2025-07-17T07:27:32+00:00","breadcrumb":{"@id":"https:\/\/jelstrupatvudlejning.dk\/book-en-tur\/#breadcrumb"},"inLanguage":"en-US","potentialAction":[{"@type":"ReadAction","target":["https:\/\/jelstrupatvudlejning.dk\/book-en-tur\/"]}]},{"@type":"ImageObject","inLanguage":"en-US","@id":"https:\/\/jelstrupatvudlejning.dk\/book-en-tur\/#primaryimage","url":"https:\/\/jelstrupatvudlejning.dk\/wp-content\/uploads\/2024\/05\/thumbnail_image2.jpg","contentUrl":"https:\/\/jelstrupatvudlejning.dk\/wp-content\/uploads\/2024\/05\/thumbnail_image2.jpg","width":828,"height":1065},{"@type":"BreadcrumbList","@id":"https:\/\/jelstrupatvudlejning.dk\/book-en-tur\/#breadcrumb","itemListElement":[{"@type":"ListItem","position":1,"name":"Forside","item":"https:\/\/jelstrupatvudlejning.dk\/"},{"@type":"ListItem","position":2,"name":"Book a trip"}]},{"@type":"WebSite","@id":"https:\/\/jelstrupatvudlejning.dk\/#website","url":"https:\/\/jelstrupatvudlejning.dk\/","name":"Jelstrup ATV udlejning og br\u00e6ndesalg","description":"Jelstrup ATV udlejning og br\u00e6ndesalg tilbyder aktiviteter i L\u00f8kken,-  Blokhus,- Hj\u00f8rring,- Br\u00f8nderslev og Frederikshavn","publisher":{"@id":"https:\/\/jelstrupatvudlejning.dk\/#organization"},"potentialAction":[{"@type":"SearchAction","target":{"@type":"EntryPoint","urlTemplate":"https:\/\/jelstrupatvudlejning.dk\/?s={search_term_string}"},"query-input":{"@type":"PropertyValueSpecification","valueRequired":true,"valueName":"search_term_string"}}],"inLanguage":"en-US"},{"@type":"Organization","@id":"https:\/\/jelstrupatvudlejning.dk\/#organization","name":"Jelstrup ATV udlejning og br\u00e6ndesalg","url":"https:\/\/jelstrupatvudlejning.dk\/","logo":{"@type":"ImageObject","inLanguage":"en-US","@id":"https:\/\/jelstrupatvudlejning.dk\/#\/schema\/logo\/image\/","url":"https:\/\/jelstrupatvudlejning.dk\/wp-content\/uploads\/2024\/05\/ATV-logo.png","contentUrl":"https:\/\/jelstrupatvudlejning.dk\/wp-content\/uploads\/2024\/05\/ATV-logo.png","width":666,"height":375,"caption":"Jelstrup ATV udlejning og br\u00e6ndesalg"},"image":{"@id":"https:\/\/jelstrupatvudlejning.dk\/#\/schema\/logo\/image\/"}}]}},"_links":{"self":[{"href":"https:\/\/jelstrupatvudlejning.dk\/en\/wp-json\/wp\/v2\/pages\/8891","targetHints":{"allow":["GET"]}}],"collection":[{"href":"https:\/\/jelstrupatvudlejning.dk\/en\/wp-json\/wp\/v2\/pages"}],"about":[{"href":"https:\/\/jelstrupatvudlejning.dk\/en\/wp-json\/wp\/v2\/types\/page"}],"author":[{"embeddable":true,"href":"https:\/\/jelstrupatvudlejning.dk\/en\/wp-json\/wp\/v2\/users\/8"}],"replies":[{"embeddable":true,"href":"https:\/\/jelstrupatvudlejning.dk\/en\/wp-json\/wp\/v2\/comments?post=8891"}],"version-history":[{"count":17,"href":"https:\/\/jelstrupatvudlejning.dk\/en\/wp-json\/wp\/v2\/pages\/8891\/revisions"}],"predecessor-version":[{"id":9360,"href":"https:\/\/jelstrupatvudlejning.dk\/en\/wp-json\/wp\/v2\/pages\/8891\/revisions\/9360"}],"wp:featuredmedia":[{"embeddable":true,"href":"https:\/\/jelstrupatvudlejning.dk\/en\/wp-json\/wp\/v2\/media\/8746"}],"wp:attachment":[{"href":"https:\/\/jelstrupatvudlejning.dk\/en\/wp-json\/wp\/v2\/media?parent=8891"}],"wp:term":[{"taxonomy":"category","embeddable":true,"href":"https:\/\/jelstrupatvudlejning.dk\/en\/wp-json\/wp\/v2\/categories?post=8891"}],"curies":[{"name":"wp","href":"https:\/\/api.w.org\/{rel}","templated":true}]}}