{"id":9098,"date":"2024-06-21T13:00:02","date_gmt":"2024-06-21T11:00:02","guid":{"rendered":"https:\/\/jelstrupatvudlejning.dk\/priser\/"},"modified":"2026-02-18T12:46:59","modified_gmt":"2026-02-18T11:46:59","slug":"preise","status":"publish","type":"page","link":"https:\/\/jelstrupatvudlejning.dk\/de\/preise\/","title":{"rendered":"Preise"},"content":{"rendered":"\t\t<div data-elementor-type=\"wp-page\" data-elementor-id=\"9098\" class=\"elementor elementor-9098 elementor-9059\" data-elementor-post-type=\"page\">\n\t\t\t\t<div class=\"elementor-element elementor-element-21feb489 e-con-full no-padding e-flex e-con e-parent\" data-id=\"21feb489\" data-element_type=\"container\">\n\t\t\t\t<div class=\"elementor-element elementor-element-4bfa1dbf elementor-widget elementor-widget-shortcode\" data-id=\"4bfa1dbf\" data-element_type=\"widget\" data-widget_type=\"shortcode.default\">\n\t\t\t\t<div class=\"elementor-widget-container\">\n\t\t\t\t\t<div class=\"elementor-shortcode\">\t\t<div data-elementor-type=\"container\" data-elementor-id=\"9130\" class=\"elementor elementor-9130 elementor-6542\" data-elementor-post-type=\"elementor_library\">\n\t\t\t\t<div class=\"elementor-element elementor-element-2bc4b5ab white e-flex e-con-boxed e-con e-parent\" data-id=\"2bc4b5ab\" data-element_type=\"container\" data-settings=\"{&quot;background_background&quot;:&quot;classic&quot;}\">\n\t\t\t\t\t<div class=\"e-con-inner\">\n\t\t\t\t<div class=\"elementor-element elementor-element-76aa15a9 elementor-widget elementor-widget-text-editor\" data-id=\"76aa15a9\" data-element_type=\"widget\" data-widget_type=\"text-editor.default\">\n\t\t\t\t<div class=\"elementor-widget-container\">\n\t\t\t<style>\/*! elementor - v3.23.0 - 05-08-2024 *\/\n.elementor-widget-text-editor.elementor-drop-cap-view-stacked .elementor-drop-cap{background-color:#69727d;color:#fff}.elementor-widget-text-editor.elementor-drop-cap-view-framed .elementor-drop-cap{color:#69727d;border:3px solid;background-color:transparent}.elementor-widget-text-editor:not(.elementor-drop-cap-view-default) .elementor-drop-cap{margin-top:8px}.elementor-widget-text-editor:not(.elementor-drop-cap-view-default) .elementor-drop-cap-letter{width:1em;height:1em}.elementor-widget-text-editor .elementor-drop-cap{float:left;text-align:center;line-height:1;font-size:50px}.elementor-widget-text-editor .elementor-drop-cap-letter{display:inline-block}<\/style>\t\t\t\t\u00dcberlassen Sie uns die Bearbeitung Ihrer n\u00e4chsten Aufgabe. Hier erhalten Sie einen Einblick, womit wir Ihnen in diesem Bereich helfen k\u00f6nnen.\t\t\t\t\t\t<\/div>\n\t\t\t\t<\/div>\n\t\t\t\t<div class=\"elementor-element elementor-element-1d645c29 elementor-icon-list--layout-inline elementor-align-center elementor-list-item-link-full_width elementor-widget elementor-widget-icon-list\" data-id=\"1d645c29\" data-element_type=\"widget\" data-widget_type=\"icon-list.default\">\n\t\t\t\t<div class=\"elementor-widget-container\">\n\t\t\t<link rel=\"stylesheet\" href=\"https:\/\/jelstrupatvudlejning.dk\/wp-content\/uploads\/elementor\/css\/custom-widget-icon-list.min.css?ver=1773659832\">\t\t<ul class=\"elementor-icon-list-items elementor-inline-items\">\n\t\t\t\t\t\t\t<li class=\"elementor-icon-list-item elementor-inline-item\">\n\t\t\t\t\t\t\t\t\t\t\t<a href=\"tel:24411550\">\n\n\t\t\t\t\t\t\t\t\t\t\t<span class=\"elementor-icon-list-text\">(+45) 24 41 15 50<\/span>\n\t\t\t\t\t\t\t\t\t\t\t<\/a>\n\t\t\t\t\t\t\t\t\t<\/li>\n\t\t\t\t\t\t\t\t<li class=\"elementor-icon-list-item elementor-inline-item\">\n\t\t\t\t\t\t\t\t\t\t\t<a href=\"mailto:jelstrupatv@icloud.com\">\n\n\t\t\t\t\t\t\t\t\t\t\t<span class=\"elementor-icon-list-text\">jelstrupatv@icloud.com<\/span>\n\t\t\t\t\t\t\t\t\t\t\t<\/a>\n\t\t\t\t\t\t\t\t\t<\/li>\n\t\t\t\t\t\t<\/ul>\n\t\t\t\t<\/div>\n\t\t\t\t<\/div>\n\t\t\t\t\t<\/div>\n\t\t\t\t<\/div>\n\t\t\t\t<\/div>\n\t\t<\/div>\n\t\t\t\t<\/div>\n\t\t\t\t<\/div>\n\t\t\t\t<\/div>\n\t\t<div class=\"elementor-element elementor-element-927bb44 e-flex e-con-boxed e-con e-parent\" data-id=\"927bb44\" data-element_type=\"container\">\n\t\t\t\t\t<div class=\"e-con-inner\">\n\t\t\t\t<div class=\"elementor-element elementor-element-aaadc18 elementor-widget elementor-widget-text-editor\" data-id=\"aaadc18\" data-element_type=\"widget\" data-widget_type=\"text-editor.default\">\n\t\t\t\t<div class=\"elementor-widget-container\">\n\t\t\t\t\t\t\t<div class=\"wDYxhc\" lang=\"da-DK\" data-md=\"83\"><div class=\"di3YZe\" style=\"text-align: center;\"><div class=\"co8aDb\" role=\"heading\" aria-level=\"3\"><h2><strong>Preise<\/strong><\/h2><p><strong>Preise g\u00fcltig ab 1.1.2026<\/strong><\/p><p>1 Mal = <strong>625\u00a0DKK.<br \/><\/strong><br \/>2 Stunden = <strong>1150 DKK.<br \/><\/strong><br \/>4 Stunden = <strong>2100 DKK.<br \/><\/strong><br \/>8 Stunden = <strong>3800 DKK.<br \/><\/strong><br \/>Es handelt sich um einen <strong>Zuschlag von 300 DKK f\u00fcr UTV.<\/strong><\/p><p><strong>Kontaktieren Sie uns f\u00fcr l\u00e4ngere Zeitr\u00e4ume oder Sonderw\u00fcnsche<\/strong><\/p><\/div><\/div><\/div><div class=\"g\"><div lang=\"da\" data-hveid=\"CA4QAA\" data-ved=\"2ahUKEwiM8_W1xOyGAxWePhAIHbudDswQFSgAegQIDhAA\"><div class=\"tF2Cxc\"><div class=\"yuRUbf\">\u00a0<\/div><\/div><\/div><\/div>\t\t\t\t\t\t<\/div>\n\t\t\t\t<\/div>\n\t\t\t\t\t<\/div>\n\t\t\t\t<\/div>\n\t\t<div class=\"elementor-element elementor-element-6f258eb9 overlay white e-flex e-con-boxed e-con e-parent\" data-id=\"6f258eb9\" data-element_type=\"container\" data-settings=\"{&quot;background_background&quot;:&quot;classic&quot;}\">\n\t\t\t\t\t<div class=\"e-con-inner\">\n\t\t\t\t<div class=\"elementor-element elementor-element-635f0a3d elementor-widget__width-initial elementor-widget elementor-widget-text-editor\" data-id=\"635f0a3d\" data-element_type=\"widget\" data-widget_type=\"text-editor.default\">\n\t\t\t\t<div class=\"elementor-widget-container\">\n\t\t\t\t\t\t\t<h6 style=\"text-align: center;\"><strong>KONTAKTIEREN SIE UNS NOCH HEUTE<\/strong><\/h6><h3 style=\"text-align: center;\">M\u00f6chten Sie mehr wissen?<\/h3><p style=\"text-align: center;\">Sollten Sie hier auf unserer Website nicht gen\u00fcgend Informationen zu Ihrer Wunschaufgabe finden, k\u00f6nnen Sie uns jederzeit gerne f\u00fcr ein unverbindliches Gespr\u00e4ch und ggf. ein Angebot f\u00fcr die Aufgabe kontaktieren.<\/p><p style=\"text-align: center;\">Rufen Sie uns unter\u00a0<a href=\"tel:24411550\">(+45) 24 41 15 50<\/a>\u00a0an oder senden Sie eine E-Mail an\u00a0<a href=\"mailto:jelstrupatv%20@icloud.com\">jelstrupatv@icloud.com<\/a>. Wir werden Ihre Anfrage so schnell wie m\u00f6glich beantworten.<\/p>\t\t\t\t\t\t<\/div>\n\t\t\t\t<\/div>\n\t\t\t\t<div class=\"elementor-element elementor-element-61add14 elementor-align-center cta elementor-widget elementor-widget-button\" data-id=\"61add14\" data-element_type=\"widget\" data-widget_type=\"button.default\">\n\t\t\t\t<div class=\"elementor-widget-container\">\n\t\t\t\t\t<div class=\"elementor-button-wrapper\">\n\t\t\t<a class=\"elementor-button elementor-button-link elementor-size-sm\" href=\"\/kontakt\/\">\n\t\t\t\t\t\t<span class=\"elementor-button-content-wrapper\">\n\t\t\t\t\t\t\t\t\t<span class=\"elementor-button-text\"> Kontaktieren uns heute<\/span>\n\t\t\t\t\t<\/span>\n\t\t\t\t\t<\/a>\n\t\t<\/div>\n\t\t\t\t<\/div>\n\t\t\t\t<\/div>\n\t\t\t\t\t<\/div>\n\t\t\t\t<\/div>\n\t\t\t\t<\/div>\n\t\t","protected":false},"excerpt":{"rendered":"<p>Preise Preise g\u00fcltig ab 1.1.2026 1 Mal = 625\u00a0DKK.2 Stunden = 1150 DKK.4 Stunden = 2100 DKK.8 Stunden = 3800 DKK.Es handelt sich um einen Zuschlag von 300 DKK f\u00fcr UTV. Kontaktieren Sie uns f\u00fcr l\u00e4ngere Zeitr\u00e4ume oder Sonderw\u00fcnsche \u00a0 KONTAKTIEREN SIE UNS NOCH HEUTE M\u00f6chten Sie mehr wissen? Sollten Sie hier auf unserer Website &#8230; <a title=\"Preise\" class=\"read-more\" href=\"https:\/\/jelstrupatvudlejning.dk\/de\/preise\/\" aria-label=\"Mehr Informationen \u00fcber Preise\">Weiterlesen &#8230;<\/a><\/p>\n","protected":false},"author":8,"featured_media":8815,"parent":0,"menu_order":0,"comment_status":"closed","ping_status":"closed","template":"","meta":{"_acf_changed":false,"footnotes":""},"categories":[],"class_list":["post-9098","page","type-page","status-publish","has-post-thumbnail"],"acf":[],"yoast_head":"<!-- This site is optimized with the Yoast SEO plugin v26.1 - https:\/\/yoast.com\/wordpress\/plugins\/seo\/ -->\n<title>Preise | Jelstrup ATV udlejning og br\u00e6ndesalg<\/title>\n<meta name=\"robots\" content=\"index, follow, max-snippet:-1, max-image-preview:large, max-video-preview:-1\" \/>\n<link rel=\"canonical\" href=\"https:\/\/jelstrupatvudlejning.dk\/priser\/\" \/>\n<meta property=\"og:locale\" content=\"de_DE\" \/>\n<meta property=\"og:type\" content=\"article\" \/>\n<meta property=\"og:title\" content=\"Preise | Jelstrup ATV udlejning og br\u00e6ndesalg\" \/>\n<meta property=\"og:description\" content=\"Preise Preise g\u00fcltig ab 1.1.2026 1 Mal = 625\u00a0DKK.2 Stunden = 1150 DKK.4 Stunden = 2100 DKK.8 Stunden = 3800 DKK.Es handelt sich um einen Zuschlag von 300 DKK f\u00fcr UTV. Kontaktieren Sie uns f\u00fcr l\u00e4ngere Zeitr\u00e4ume oder Sonderw\u00fcnsche \u00a0 KONTAKTIEREN SIE UNS NOCH HEUTE M\u00f6chten Sie mehr wissen? Sollten Sie hier auf unserer Website ... Weiterlesen ...\" \/>\n<meta property=\"og:url\" content=\"https:\/\/jelstrupatvudlejning.dk\/priser\/\" \/>\n<meta property=\"og:site_name\" content=\"Jelstrup ATV udlejning og br\u00e6ndesalg\" \/>\n<meta property=\"article:modified_time\" content=\"2026-02-18T11:46:59+00:00\" \/>\n<meta property=\"og:image\" content=\"https:\/\/jelstrupatvudlejning.dk\/wp-content\/uploads\/2024\/06\/Skaermbillede-2024-06-03-145410.jpg\" \/>\n\t<meta property=\"og:image:width\" content=\"1181\" \/>\n\t<meta property=\"og:image:height\" content=\"660\" \/>\n\t<meta property=\"og:image:type\" content=\"image\/jpeg\" \/>\n<meta name=\"twitter:card\" content=\"summary_large_image\" \/>\n<meta name=\"twitter:label1\" content=\"Gesch\u00e4tzte Lesezeit\" \/>\n\t<meta name=\"twitter:data1\" content=\"1\u00a0Minute\" \/>\n<script type=\"application\/ld+json\" class=\"yoast-schema-graph\">{\"@context\":\"https:\/\/schema.org\",\"@graph\":[{\"@type\":\"WebPage\",\"@id\":\"https:\/\/jelstrupatvudlejning.dk\/priser\/\",\"url\":\"https:\/\/jelstrupatvudlejning.dk\/priser\/\",\"name\":\"Preise | Jelstrup ATV udlejning og br\u00e6ndesalg\",\"isPartOf\":{\"@id\":\"https:\/\/jelstrupatvudlejning.dk\/#website\"},\"primaryImageOfPage\":{\"@id\":\"https:\/\/jelstrupatvudlejning.dk\/priser\/#primaryimage\"},\"image\":{\"@id\":\"https:\/\/jelstrupatvudlejning.dk\/priser\/#primaryimage\"},\"thumbnailUrl\":\"https:\/\/jelstrupatvudlejning.dk\/wp-content\/uploads\/2024\/06\/Skaermbillede-2024-06-03-145410.jpg\",\"datePublished\":\"2024-06-21T11:00:02+00:00\",\"dateModified\":\"2026-02-18T11:46:59+00:00\",\"breadcrumb\":{\"@id\":\"https:\/\/jelstrupatvudlejning.dk\/priser\/#breadcrumb\"},\"inLanguage\":\"de\",\"potentialAction\":[{\"@type\":\"ReadAction\",\"target\":[\"https:\/\/jelstrupatvudlejning.dk\/priser\/\"]}]},{\"@type\":\"ImageObject\",\"inLanguage\":\"de\",\"@id\":\"https:\/\/jelstrupatvudlejning.dk\/priser\/#primaryimage\",\"url\":\"https:\/\/jelstrupatvudlejning.dk\/wp-content\/uploads\/2024\/06\/Skaermbillede-2024-06-03-145410.jpg\",\"contentUrl\":\"https:\/\/jelstrupatvudlejning.dk\/wp-content\/uploads\/2024\/06\/Skaermbillede-2024-06-03-145410.jpg\",\"width\":1181,\"height\":660},{\"@type\":\"BreadcrumbList\",\"@id\":\"https:\/\/jelstrupatvudlejning.dk\/priser\/#breadcrumb\",\"itemListElement\":[{\"@type\":\"ListItem\",\"position\":1,\"name\":\"Forside\",\"item\":\"https:\/\/jelstrupatvudlejning.dk\/\"},{\"@type\":\"ListItem\",\"position\":2,\"name\":\"Preise\"}]},{\"@type\":\"WebSite\",\"@id\":\"https:\/\/jelstrupatvudlejning.dk\/#website\",\"url\":\"https:\/\/jelstrupatvudlejning.dk\/\",\"name\":\"Jelstrup ATV udlejning og br\u00e6ndesalg\",\"description\":\"Jelstrup ATV udlejning og br\u00e6ndesalg tilbyder aktiviteter i L\u00f8kken,-  Blokhus,- Hj\u00f8rring,- Br\u00f8nderslev og Frederikshavn\",\"publisher\":{\"@id\":\"https:\/\/jelstrupatvudlejning.dk\/#organization\"},\"potentialAction\":[{\"@type\":\"SearchAction\",\"target\":{\"@type\":\"EntryPoint\",\"urlTemplate\":\"https:\/\/jelstrupatvudlejning.dk\/?s={search_term_string}\"},\"query-input\":{\"@type\":\"PropertyValueSpecification\",\"valueRequired\":true,\"valueName\":\"search_term_string\"}}],\"inLanguage\":\"de\"},{\"@type\":\"Organization\",\"@id\":\"https:\/\/jelstrupatvudlejning.dk\/#organization\",\"name\":\"Jelstrup ATV udlejning og br\u00e6ndesalg\",\"url\":\"https:\/\/jelstrupatvudlejning.dk\/\",\"logo\":{\"@type\":\"ImageObject\",\"inLanguage\":\"de\",\"@id\":\"https:\/\/jelstrupatvudlejning.dk\/#\/schema\/logo\/image\/\",\"url\":\"https:\/\/jelstrupatvudlejning.dk\/wp-content\/uploads\/2024\/05\/ATV-logo.png\",\"contentUrl\":\"https:\/\/jelstrupatvudlejning.dk\/wp-content\/uploads\/2024\/05\/ATV-logo.png\",\"width\":666,\"height\":375,\"caption\":\"Jelstrup ATV udlejning og br\u00e6ndesalg\"},\"image\":{\"@id\":\"https:\/\/jelstrupatvudlejning.dk\/#\/schema\/logo\/image\/\"}}]}<\/script>\n<!-- \/ Yoast SEO plugin. -->","yoast_head_json":{"title":"Preise | Jelstrup ATV udlejning og br\u00e6ndesalg","robots":{"index":"index","follow":"follow","max-snippet":"max-snippet:-1","max-image-preview":"max-image-preview:large","max-video-preview":"max-video-preview:-1"},"canonical":"https:\/\/jelstrupatvudlejning.dk\/priser\/","og_locale":"de_DE","og_type":"article","og_title":"Preise | Jelstrup ATV udlejning og br\u00e6ndesalg","og_description":"Preise Preise g\u00fcltig ab 1.1.2026 1 Mal = 625\u00a0DKK.2 Stunden = 1150 DKK.4 Stunden = 2100 DKK.8 Stunden = 3800 DKK.Es handelt sich um einen Zuschlag von 300 DKK f\u00fcr UTV. Kontaktieren Sie uns f\u00fcr l\u00e4ngere Zeitr\u00e4ume oder Sonderw\u00fcnsche \u00a0 KONTAKTIEREN SIE UNS NOCH HEUTE M\u00f6chten Sie mehr wissen? Sollten Sie hier auf unserer Website ... Weiterlesen ...","og_url":"https:\/\/jelstrupatvudlejning.dk\/priser\/","og_site_name":"Jelstrup ATV udlejning og br\u00e6ndesalg","article_modified_time":"2026-02-18T11:46:59+00:00","og_image":[{"width":1181,"height":660,"url":"https:\/\/jelstrupatvudlejning.dk\/wp-content\/uploads\/2024\/06\/Skaermbillede-2024-06-03-145410.jpg","type":"image\/jpeg"}],"twitter_card":"summary_large_image","twitter_misc":{"Gesch\u00e4tzte Lesezeit":"1\u00a0Minute"},"schema":{"@context":"https:\/\/schema.org","@graph":[{"@type":"WebPage","@id":"https:\/\/jelstrupatvudlejning.dk\/priser\/","url":"https:\/\/jelstrupatvudlejning.dk\/priser\/","name":"Preise | Jelstrup ATV udlejning og br\u00e6ndesalg","isPartOf":{"@id":"https:\/\/jelstrupatvudlejning.dk\/#website"},"primaryImageOfPage":{"@id":"https:\/\/jelstrupatvudlejning.dk\/priser\/#primaryimage"},"image":{"@id":"https:\/\/jelstrupatvudlejning.dk\/priser\/#primaryimage"},"thumbnailUrl":"https:\/\/jelstrupatvudlejning.dk\/wp-content\/uploads\/2024\/06\/Skaermbillede-2024-06-03-145410.jpg","datePublished":"2024-06-21T11:00:02+00:00","dateModified":"2026-02-18T11:46:59+00:00","breadcrumb":{"@id":"https:\/\/jelstrupatvudlejning.dk\/priser\/#breadcrumb"},"inLanguage":"de","potentialAction":[{"@type":"ReadAction","target":["https:\/\/jelstrupatvudlejning.dk\/priser\/"]}]},{"@type":"ImageObject","inLanguage":"de","@id":"https:\/\/jelstrupatvudlejning.dk\/priser\/#primaryimage","url":"https:\/\/jelstrupatvudlejning.dk\/wp-content\/uploads\/2024\/06\/Skaermbillede-2024-06-03-145410.jpg","contentUrl":"https:\/\/jelstrupatvudlejning.dk\/wp-content\/uploads\/2024\/06\/Skaermbillede-2024-06-03-145410.jpg","width":1181,"height":660},{"@type":"BreadcrumbList","@id":"https:\/\/jelstrupatvudlejning.dk\/priser\/#breadcrumb","itemListElement":[{"@type":"ListItem","position":1,"name":"Forside","item":"https:\/\/jelstrupatvudlejning.dk\/"},{"@type":"ListItem","position":2,"name":"Preise"}]},{"@type":"WebSite","@id":"https:\/\/jelstrupatvudlejning.dk\/#website","url":"https:\/\/jelstrupatvudlejning.dk\/","name":"Jelstrup ATV udlejning og br\u00e6ndesalg","description":"Jelstrup ATV udlejning og br\u00e6ndesalg tilbyder aktiviteter i L\u00f8kken,-  Blokhus,- Hj\u00f8rring,- Br\u00f8nderslev og Frederikshavn","publisher":{"@id":"https:\/\/jelstrupatvudlejning.dk\/#organization"},"potentialAction":[{"@type":"SearchAction","target":{"@type":"EntryPoint","urlTemplate":"https:\/\/jelstrupatvudlejning.dk\/?s={search_term_string}"},"query-input":{"@type":"PropertyValueSpecification","valueRequired":true,"valueName":"search_term_string"}}],"inLanguage":"de"},{"@type":"Organization","@id":"https:\/\/jelstrupatvudlejning.dk\/#organization","name":"Jelstrup ATV udlejning og br\u00e6ndesalg","url":"https:\/\/jelstrupatvudlejning.dk\/","logo":{"@type":"ImageObject","inLanguage":"de","@id":"https:\/\/jelstrupatvudlejning.dk\/#\/schema\/logo\/image\/","url":"https:\/\/jelstrupatvudlejning.dk\/wp-content\/uploads\/2024\/05\/ATV-logo.png","contentUrl":"https:\/\/jelstrupatvudlejning.dk\/wp-content\/uploads\/2024\/05\/ATV-logo.png","width":666,"height":375,"caption":"Jelstrup ATV udlejning og br\u00e6ndesalg"},"image":{"@id":"https:\/\/jelstrupatvudlejning.dk\/#\/schema\/logo\/image\/"}}]}},"_links":{"self":[{"href":"https:\/\/jelstrupatvudlejning.dk\/de\/wp-json\/wp\/v2\/pages\/9098","targetHints":{"allow":["GET"]}}],"collection":[{"href":"https:\/\/jelstrupatvudlejning.dk\/de\/wp-json\/wp\/v2\/pages"}],"about":[{"href":"https:\/\/jelstrupatvudlejning.dk\/de\/wp-json\/wp\/v2\/types\/page"}],"author":[{"embeddable":true,"href":"https:\/\/jelstrupatvudlejning.dk\/de\/wp-json\/wp\/v2\/users\/8"}],"replies":[{"embeddable":true,"href":"https:\/\/jelstrupatvudlejning.dk\/de\/wp-json\/wp\/v2\/comments?post=9098"}],"version-history":[{"count":16,"href":"https:\/\/jelstrupatvudlejning.dk\/de\/wp-json\/wp\/v2\/pages\/9098\/revisions"}],"predecessor-version":[{"id":9506,"href":"https:\/\/jelstrupatvudlejning.dk\/de\/wp-json\/wp\/v2\/pages\/9098\/revisions\/9506"}],"wp:featuredmedia":[{"embeddable":true,"href":"https:\/\/jelstrupatvudlejning.dk\/de\/wp-json\/wp\/v2\/media\/8815"}],"wp:attachment":[{"href":"https:\/\/jelstrupatvudlejning.dk\/de\/wp-json\/wp\/v2\/media?parent=9098"}],"wp:term":[{"taxonomy":"category","embeddable":true,"href":"https:\/\/jelstrupatvudlejning.dk\/de\/wp-json\/wp\/v2\/categories?post=9098"}],"curies":[{"name":"wp","href":"https:\/\/api.w.org\/{rel}","templated":true}]}}