{"id":8912,"date":"2024-06-04T07:41:03","date_gmt":"2024-06-04T05:41:03","guid":{"rendered":"https:\/\/jelstrupatvudlejning.dk\/bedingungen\/"},"modified":"2024-06-11T08:38:50","modified_gmt":"2024-06-11T06:38:50","slug":"bedingungen","status":"publish","type":"page","link":"https:\/\/jelstrupatvudlejning.dk\/de\/bedingungen\/","title":{"rendered":"Bedingungen"},"content":{"rendered":"\t\t<div data-elementor-type=\"wp-page\" data-elementor-id=\"8912\" class=\"elementor elementor-8912 elementor-8702\" data-elementor-post-type=\"page\">\n\t\t\t\t<div class=\"elementor-element elementor-element-52563464 e-con-full no-padding e-flex e-con e-parent\" data-id=\"52563464\" data-element_type=\"container\">\n\t\t\t\t<div class=\"elementor-element elementor-element-614ff7e4 elementor-widget elementor-widget-shortcode\" data-id=\"614ff7e4\" data-element_type=\"widget\" data-widget_type=\"shortcode.default\">\n\t\t\t\t<div class=\"elementor-widget-container\">\n\t\t\t\t\t<div class=\"elementor-shortcode\">\t\t<div data-elementor-type=\"container\" data-elementor-id=\"9130\" class=\"elementor elementor-9130 elementor-6542\" data-elementor-post-type=\"elementor_library\">\n\t\t\t\t<div class=\"elementor-element elementor-element-2bc4b5ab white e-flex e-con-boxed e-con e-parent\" data-id=\"2bc4b5ab\" data-element_type=\"container\" data-settings=\"{&quot;background_background&quot;:&quot;classic&quot;}\">\n\t\t\t\t\t<div class=\"e-con-inner\">\n\t\t\t\t<div class=\"elementor-element elementor-element-76aa15a9 elementor-widget elementor-widget-text-editor\" data-id=\"76aa15a9\" data-element_type=\"widget\" data-widget_type=\"text-editor.default\">\n\t\t\t\t<div class=\"elementor-widget-container\">\n\t\t\t<style>\/*! elementor - v3.23.0 - 05-08-2024 *\/\n.elementor-widget-text-editor.elementor-drop-cap-view-stacked .elementor-drop-cap{background-color:#69727d;color:#fff}.elementor-widget-text-editor.elementor-drop-cap-view-framed .elementor-drop-cap{color:#69727d;border:3px solid;background-color:transparent}.elementor-widget-text-editor:not(.elementor-drop-cap-view-default) .elementor-drop-cap{margin-top:8px}.elementor-widget-text-editor:not(.elementor-drop-cap-view-default) .elementor-drop-cap-letter{width:1em;height:1em}.elementor-widget-text-editor .elementor-drop-cap{float:left;text-align:center;line-height:1;font-size:50px}.elementor-widget-text-editor .elementor-drop-cap-letter{display:inline-block}<\/style>\t\t\t\t\u00dcberlassen Sie uns die Bearbeitung Ihrer n\u00e4chsten Aufgabe. Hier erhalten Sie einen Einblick, womit wir Ihnen in diesem Bereich helfen k\u00f6nnen.\t\t\t\t\t\t<\/div>\n\t\t\t\t<\/div>\n\t\t\t\t<div class=\"elementor-element elementor-element-1d645c29 elementor-icon-list--layout-inline elementor-align-center elementor-list-item-link-full_width elementor-widget elementor-widget-icon-list\" data-id=\"1d645c29\" data-element_type=\"widget\" data-widget_type=\"icon-list.default\">\n\t\t\t\t<div class=\"elementor-widget-container\">\n\t\t\t<link rel=\"stylesheet\" href=\"https:\/\/jelstrupatvudlejning.dk\/wp-content\/uploads\/elementor\/css\/custom-widget-icon-list.min.css?ver=1773659832\">\t\t<ul class=\"elementor-icon-list-items elementor-inline-items\">\n\t\t\t\t\t\t\t<li class=\"elementor-icon-list-item elementor-inline-item\">\n\t\t\t\t\t\t\t\t\t\t\t<a href=\"tel:24411550\">\n\n\t\t\t\t\t\t\t\t\t\t\t<span class=\"elementor-icon-list-text\">(+45) 24 41 15 50<\/span>\n\t\t\t\t\t\t\t\t\t\t\t<\/a>\n\t\t\t\t\t\t\t\t\t<\/li>\n\t\t\t\t\t\t\t\t<li class=\"elementor-icon-list-item elementor-inline-item\">\n\t\t\t\t\t\t\t\t\t\t\t<a href=\"mailto:jelstrupatv@icloud.com\">\n\n\t\t\t\t\t\t\t\t\t\t\t<span class=\"elementor-icon-list-text\">jelstrupatv@icloud.com<\/span>\n\t\t\t\t\t\t\t\t\t\t\t<\/a>\n\t\t\t\t\t\t\t\t\t<\/li>\n\t\t\t\t\t\t<\/ul>\n\t\t\t\t<\/div>\n\t\t\t\t<\/div>\n\t\t\t\t\t<\/div>\n\t\t\t\t<\/div>\n\t\t\t\t<\/div>\n\t\t<\/div>\n\t\t\t\t<\/div>\n\t\t\t\t<\/div>\n\t\t\t\t<\/div>\n\t\t<div class=\"elementor-element elementor-element-584a4f33 e-flex e-con-boxed e-con e-parent\" data-id=\"584a4f33\" data-element_type=\"container\">\n\t\t\t\t\t<div class=\"e-con-inner\">\n\t\t<div class=\"elementor-element elementor-element-1b52a0d e-con-full e-flex e-con e-child\" data-id=\"1b52a0d\" data-element_type=\"container\">\n\t\t\t\t<div class=\"elementor-element elementor-element-3e29febc elementor-widget elementor-widget-text-editor\" data-id=\"3e29febc\" data-element_type=\"widget\" data-widget_type=\"text-editor.default\">\n\t\t\t\t<div class=\"elementor-widget-container\">\n\t\t\t\t\t\t\t<h2 id=\"betingelser-for-leje-af-atv-hos-jelstrup-atv-udlejning\" class=\"wp-block-heading has-text-align-center\"><span>Bedingungen f\u00fcr die Anmietung eines ATV bei Jelstrup ATV Rental.<\/span><\/h2>\n<h3 id=\"reservation-og-betaling\" class=\"wp-block-heading\"><span>Reservierung und Zahlung<\/span><\/h3>\n<ul>\n<li>Reservierungen k\u00f6nnen nur nach Kontaktaufnahme per Telefon, E-Mail oder \u00fcber das Kontaktformular unter <a href=\"http:\/\/www.jelstrupatvudlejning.dk\" target=\"_blank\" rel=\"noopener\">www.jelstrupatvudlejning.dk<\/a><\/li>\n<li>Die Reservierung ist erst g\u00fcltig, wenn Sie eine Best\u00e4tigung per SMS erhalten.<br \/>\n\u00c4nderungen an der Reservierung m\u00fcssen so schnell wie m\u00f6glich nach der Buchung vereinbart werden. Wir k\u00f6nnen nicht garantieren, dass wir sie erf\u00fcllen k\u00f6nnen neuer Wunsch.<\/li>\n<li>Bei einer Stornierung sp\u00e4ter als 4 Tage vor Mietbeginn wird eine Geb\u00fchr von 500 DKK erhoben. <\/li>\n<li>Die Bezahlung kann per Nachnahme oder per Mobilepay erfolgen.<\/li>\n<\/ul>\n<h3>Preise<\/h3>\n<ul>\n<li>Der aktuelle Preis erscheint in der Preisliste auf der Preisseite und beinhaltet Folgendes\n<ul>\n<li>Anweisung<\/li>\n<li>Helme<\/li>\n<li>Lieferung mit Treibstoff (f\u00fcr den dar\u00fcber hinausgehenden Verbrauch ist der Mieter verantwortlich)<\/li>\n<li>Reinigung<\/li>\n<\/ul>\n<\/li>\n<\/ul>\n<h3>Abholen<\/h3>\n<ul>\n<li>Kommen Sie immer 15 Minuten vor der reservierten Zeit an. Hier gehen wir mit Ihnen durch die Maschine.<\/li>\n<li>Ein Testbericht enth\u00e4lt ausf\u00fchrliche Anweisungen zur Bedienung der Maschine und was Sie beachten m\u00fcssen.<\/li>\n<li>Au\u00dferdem \u00fcberpr\u00fcfen wir gemeinsam mit dem Kunden die Maschine auf Fehler und M\u00e4ngel. Es wird eine Liste mit Fehlern und M\u00e4ngeln vorgelegt.<\/li>\n<\/ul>\n<h3>Zur\u00fcckkehren<\/h3>\n<ul>\n<li>Bei R\u00fcckgabe sp\u00e4ter als 15 Minuten nach Ende der Mietzeit werden 500 DKK in Rechnung gestellt. Pro angefangene Stunde.<\/li>\n<li>Bei der R\u00fcckgabe wird die Maschine auf Fehler und M\u00e4ngel untersucht. F\u00fcr Sch\u00e4den und M\u00e4ngel, die w\u00e4hrend der Mietzeit entstehen, haftet der Mieter. F\u00fcr unsere Maschinen wurde eine Vollkaskoversicherung abgeschlossen, die Selbstbeteiligung in H\u00f6he von 5.000 DKK tr\u00e4gt der Mieter. Pro Schaden oder Schadenspreis.<\/li>\n<\/ul>\n<h3>Fahren<\/h3>\n<ul>\n<li>Alle Fahrten liegen in der Verantwortung des Mieters . Jelstrup ATV Rental kann nicht f\u00fcr die Nutzung der Maschinen durch den Mieter haftbar gemacht werden.<\/li>\n<li>Das Fahrzeug darf nicht unter Alkohol- oder Drogeneinfluss gefahren werden.<\/li>\n<li>Das Fahrzeug darf nur von dem\/den zum Zeitpunkt des Vertragsabschlusses eingetragenen Fahrer(n) gefahren werden.<\/li>\n<li>Alle registrierten Fahrer m\u00fcssen einen g\u00fcltigen F\u00fchrerschein f\u00fcr mind. Kategorie B, bei Abholung.<\/li>\n<li>Alle geltenden Verkehrsregeln sind einzuhalten.<\/li>\n<li>Kinder ab 5 Jahren. Muss auf dem R\u00fccksitz transportiert werden. Kinder unter 5 Jahren d\u00fcrfen nicht in die Maschine aufgenommen werden.<\/li>\n<li>Das Befahren privater Fl\u00e4chen\/Felder sowie in gesch\u00fctzten D\u00fcnen entlang der K\u00fcste ist strengstens verboten<\/li>\n<li>Das Fahren in Gew\u00e4ssern und B\u00e4chen ist jedoch bis zu einer maximalen Tiefe von 35 cm bzw. bis das Wasser die Fu\u00dfrasten des ATV erreicht, gestattet.<\/li>\n<li>Das Fahren im Salzwasser ist verboten..<\/li>\n<li>Das \u00dcberqueren von Landesgrenzen mit der gemieteten Ausr\u00fcstung ist NICHT gestattet, diese muss in D\u00e4nemark bleiben<\/li>\n<li>S\u00e4mtliche Fahrten liegen in der Verantwortung des Mieters.<\/li>\n<li>\nNehmen Sie R\u00fccksicht und respektieren Sie Ihr Umfeld.<\/li>\n<\/ul>\n<h3>R\u00fccksichtsloses Fahren ist strengstens verboten<br \/>\n<\/h3>\n<ul>\n<li>((z. B. Kreisfahrt) Wird das Fahrzeug dadurch besch\u00e4digt, wird ein Betrag zwischen 5.000 und 25.000 DKK berechnet. + Selbstbehalt der Versicherung + MwSt.<\/li>\n<\/ul>\n<h3>Besch\u00e4digung oder Maschinenstillstand<br \/>\n<\/h3>\n<ul>\n<li>Im Falle eines Schadens oder einer Maschinenst\u00f6rung wenden Sie sich bitte umgehend an den Vermieter unter der Telefonnummer 24 41 15 50, um das weitere Vorgehen zu vereinbaren. Ersatzmaschinen k\u00f6nnen wir nicht garantieren, finden aber gemeinsam eine L\u00f6sung.<\/li>\n<\/ul>\n<h3>\u00dcberwachung<br \/>\n<\/h3>\n<ul>\n<li>Unsere Maschinen k\u00f6nnen zur Diebstahlsicherung sowie zur Aufkl\u00e4rung etwaiger F\u00e4lle mit einem GPS-Tracker ausgestattet werden Verst\u00f6\u00dfe gegen die Vereinbarung<\/li>\n<\/ul>\n<h3>Versto\u00df gegen Vereinbarungen und Regeln<\/h3>\n<ul>\n<li>S\u00e4mtliche Verst\u00f6\u00dfe gegen Vereinbarungen, Regeln und Gesetze gehen vollumf\u00e4nglich zu Lasten des Mieters.<\/li>\n<li>F\u00fcr Bu\u00dfgelder werden 200 DKK in Rechnung gestellt. F\u00fcr den Umgang mit der Geldstrafe<\/li>\n<li>Im Falle einer Beschlagnahmung der Ausr\u00fcstung haftet der Leasingnehmer in vollem Umfang f\u00fcr die Verluste des Leasinggebers, einschlie\u00dflich Neuanschaffungen von Maschinen und Umsatzeinbu\u00dfen.<\/li>\n<\/ul>\n<h3>Eigentum<\/h3>\n<ul>\n<li>Nordea Finance Equipment (NFE) ist Eigent\u00fcmer der Ausr\u00fcstung und die Rechte gem\u00e4\u00df dem Leasingvertrag wurden auf NFE \u00fcbertragen. Verpflichtungen (auch aus Service, Versicherung und dergleichen) werden nicht \u00fcbertragen. Der Mietvertrag l\u00e4uft \u00fcber X Monate (max. 12 Monate)<\/li>\n<\/ul>\n<h3>Streit \/ Meinungsverschiedenheiten<\/h3>\n<ul>\n<li>Alle Streitigkeiten, die sich aus dieser Vereinbarung ergeben k\u00f6nnen, werden vom Gericht in Hj\u00f8rring als Gerichtsstand entschieden.<\/li>\n<\/ul>\n<h3>Reservierung<\/h3>\n<ul>\n<li>Irrt\u00fcmer und Auslassungen auf der Website bleiben vorbehalten. Fragen Sie im Zweifelsfall immer \u00fcber die Kontaktseite nach.<\/li>\n<\/ul>\n\t\t\t\t\t\t<\/div>\n\t\t\t\t<\/div>\n\t\t\t\t<\/div>\n\t\t<div class=\"elementor-element elementor-element-17489eeb e-con-full e-flex e-con e-child\" data-id=\"17489eeb\" data-element_type=\"container\">\n\t\t\t\t<\/div>\n\t\t\t\t\t<\/div>\n\t\t\t\t<\/div>\n\t\t<div class=\"elementor-element elementor-element-2ee8e394 overlay white e-flex e-con-boxed e-con e-parent\" data-id=\"2ee8e394\" data-element_type=\"container\" data-settings=\"{&quot;background_background&quot;:&quot;classic&quot;}\">\n\t\t\t\t\t<div class=\"e-con-inner\">\n\t\t\t\t<div class=\"elementor-element elementor-element-5fb58960 elementor-widget__width-initial elementor-widget elementor-widget-text-editor\" data-id=\"5fb58960\" data-element_type=\"widget\" data-widget_type=\"text-editor.default\">\n\t\t\t\t<div class=\"elementor-widget-container\">\n\t\t\t\t\t\t\t<h6 style=\"text-align: center;\">Kontaktieren Sie uns noch heute<\/h6><h3 style=\"text-align: center;\">M\u00f6chten Sie mehr wissen?<\/h3><p style=\"text-align: center;\">Sollten Sie hier auf unserer Website nicht gen\u00fcgend Informationen zu Ihrer Wunschaufgabe finden, k\u00f6nnen Sie uns jederzeit gerne f\u00fcr ein unverbindliches Gespr\u00e4ch und ggf. ein Angebot f\u00fcr die Aufgabe kontaktieren.<\/p><p style=\"text-align: center;\">Rufen Sie uns unter <a href=\"tel:24411550\">(+45) 24 41 15 50<\/a> an oder senden Sie eine E-Mail an <a href=\"mailto:jelstrupatv @icloud.com\">jelstrupatv@icloud.com<\/a>. Wir werden Ihre Anfrage so schnell wie m\u00f6glich beantworten.<\/p>\t\t\t\t\t\t<\/div>\n\t\t\t\t<\/div>\n\t\t\t\t<div class=\"elementor-element elementor-element-30d10485 elementor-align-center cta elementor-widget elementor-widget-button\" data-id=\"30d10485\" data-element_type=\"widget\" data-widget_type=\"button.default\">\n\t\t\t\t<div class=\"elementor-widget-container\">\n\t\t\t\t\t<div class=\"elementor-button-wrapper\">\n\t\t\t<a class=\"elementor-button elementor-button-link elementor-size-sm\" href=\"\/de\/kontakt\/\">\n\t\t\t\t\t\t<span class=\"elementor-button-content-wrapper\">\n\t\t\t\t\t\t\t\t\t<span class=\"elementor-button-text\"> Kontaktiere uns heute<\/span>\n\t\t\t\t\t<\/span>\n\t\t\t\t\t<\/a>\n\t\t<\/div>\n\t\t\t\t<\/div>\n\t\t\t\t<\/div>\n\t\t\t\t\t<\/div>\n\t\t\t\t<\/div>\n\t\t\t\t<\/div>\n\t\t","protected":false},"excerpt":{"rendered":"<p>Bedingungen f\u00fcr die Anmietung eines ATV bei Jelstrup ATV Rental. Reservierung und Zahlung Reservierungen k\u00f6nnen nur nach Kontaktaufnahme per Telefon, E-Mail oder \u00fcber das Kontaktformular unter www.jelstrupatvudlejning.dk Die Reservierung ist erst g\u00fcltig, wenn Sie eine Best\u00e4tigung per SMS erhalten. \u00c4nderungen an der Reservierung m\u00fcssen so schnell wie m\u00f6glich nach der Buchung vereinbart werden. Wir k\u00f6nnen &#8230; <a title=\"Bedingungen\" class=\"read-more\" href=\"https:\/\/jelstrupatvudlejning.dk\/de\/bedingungen\/\" aria-label=\"Mehr Informationen \u00fcber Bedingungen\">Weiterlesen &#8230;<\/a><\/p>\n","protected":false},"author":8,"featured_media":8785,"parent":0,"menu_order":0,"comment_status":"closed","ping_status":"closed","template":"","meta":{"_acf_changed":false,"footnotes":""},"categories":[],"class_list":["post-8912","page","type-page","status-publish","has-post-thumbnail"],"acf":[],"yoast_head":"<!-- This site is optimized with the Yoast SEO plugin v26.1 - https:\/\/yoast.com\/wordpress\/plugins\/seo\/ -->\n<title>Bedingungen | Jelstrup ATV udlejning og br\u00e6ndesalg<\/title>\n<meta name=\"robots\" content=\"index, follow, max-snippet:-1, max-image-preview:large, max-video-preview:-1\" \/>\n<link rel=\"canonical\" href=\"https:\/\/jelstrupatvudlejning.dk\/de\/bedingungen\/\" \/>\n<meta property=\"og:locale\" content=\"de_DE\" \/>\n<meta property=\"og:type\" content=\"article\" \/>\n<meta property=\"og:title\" content=\"Bedingungen | Jelstrup ATV udlejning og br\u00e6ndesalg\" \/>\n<meta property=\"og:description\" content=\"Bedingungen f\u00fcr die Anmietung eines ATV bei Jelstrup ATV Rental. Reservierung und Zahlung Reservierungen k\u00f6nnen nur nach Kontaktaufnahme per Telefon, E-Mail oder \u00fcber das Kontaktformular unter www.jelstrupatvudlejning.dk Die Reservierung ist erst g\u00fcltig, wenn Sie eine Best\u00e4tigung per SMS erhalten. \u00c4nderungen an der Reservierung m\u00fcssen so schnell wie m\u00f6glich nach der Buchung vereinbart werden. Wir k\u00f6nnen ... Weiterlesen ...\" \/>\n<meta property=\"og:url\" content=\"https:\/\/jelstrupatvudlejning.dk\/de\/bedingungen\/\" \/>\n<meta property=\"og:site_name\" content=\"Jelstrup ATV udlejning og br\u00e6ndesalg\" \/>\n<meta property=\"article:modified_time\" content=\"2024-06-11T06:38:50+00:00\" \/>\n<meta property=\"og:image\" content=\"https:\/\/jelstrupatvudlejning.dk\/wp-content\/uploads\/2024\/05\/redigeret-alle-1024x1010-1-1.jpg\" \/>\n\t<meta property=\"og:image:width\" content=\"1024\" \/>\n\t<meta property=\"og:image:height\" content=\"1010\" \/>\n\t<meta property=\"og:image:type\" content=\"image\/jpeg\" \/>\n<meta name=\"twitter:card\" content=\"summary_large_image\" \/>\n<meta name=\"twitter:label1\" content=\"Gesch\u00e4tzte Lesezeit\" \/>\n\t<meta name=\"twitter:data1\" content=\"4\u00a0Minuten\" \/>\n<script type=\"application\/ld+json\" class=\"yoast-schema-graph\">{\"@context\":\"https:\/\/schema.org\",\"@graph\":[{\"@type\":\"WebPage\",\"@id\":\"https:\/\/jelstrupatvudlejning.dk\/de\/bedingungen\/\",\"url\":\"https:\/\/jelstrupatvudlejning.dk\/de\/bedingungen\/\",\"name\":\"Bedingungen | Jelstrup ATV udlejning og br\u00e6ndesalg\",\"isPartOf\":{\"@id\":\"https:\/\/jelstrupatvudlejning.dk\/#website\"},\"primaryImageOfPage\":{\"@id\":\"https:\/\/jelstrupatvudlejning.dk\/de\/bedingungen\/#primaryimage\"},\"image\":{\"@id\":\"https:\/\/jelstrupatvudlejning.dk\/de\/bedingungen\/#primaryimage\"},\"thumbnailUrl\":\"https:\/\/jelstrupatvudlejning.dk\/wp-content\/uploads\/2024\/05\/redigeret-alle-1024x1010-1-1.jpg\",\"datePublished\":\"2024-06-04T05:41:03+00:00\",\"dateModified\":\"2024-06-11T06:38:50+00:00\",\"breadcrumb\":{\"@id\":\"https:\/\/jelstrupatvudlejning.dk\/de\/bedingungen\/#breadcrumb\"},\"inLanguage\":\"de\",\"potentialAction\":[{\"@type\":\"ReadAction\",\"target\":[\"https:\/\/jelstrupatvudlejning.dk\/de\/bedingungen\/\"]}]},{\"@type\":\"ImageObject\",\"inLanguage\":\"de\",\"@id\":\"https:\/\/jelstrupatvudlejning.dk\/de\/bedingungen\/#primaryimage\",\"url\":\"https:\/\/jelstrupatvudlejning.dk\/wp-content\/uploads\/2024\/05\/redigeret-alle-1024x1010-1-1.jpg\",\"contentUrl\":\"https:\/\/jelstrupatvudlejning.dk\/wp-content\/uploads\/2024\/05\/redigeret-alle-1024x1010-1-1.jpg\",\"width\":1024,\"height\":1010},{\"@type\":\"BreadcrumbList\",\"@id\":\"https:\/\/jelstrupatvudlejning.dk\/de\/bedingungen\/#breadcrumb\",\"itemListElement\":[{\"@type\":\"ListItem\",\"position\":1,\"name\":\"Forside\",\"item\":\"https:\/\/jelstrupatvudlejning.dk\/\"},{\"@type\":\"ListItem\",\"position\":2,\"name\":\"Bedingungen\"}]},{\"@type\":\"WebSite\",\"@id\":\"https:\/\/jelstrupatvudlejning.dk\/#website\",\"url\":\"https:\/\/jelstrupatvudlejning.dk\/\",\"name\":\"Jelstrup ATV udlejning og br\u00e6ndesalg\",\"description\":\"Jelstrup ATV udlejning og br\u00e6ndesalg tilbyder aktiviteter i L\u00f8kken,-  Blokhus,- Hj\u00f8rring,- Br\u00f8nderslev og Frederikshavn\",\"publisher\":{\"@id\":\"https:\/\/jelstrupatvudlejning.dk\/#organization\"},\"potentialAction\":[{\"@type\":\"SearchAction\",\"target\":{\"@type\":\"EntryPoint\",\"urlTemplate\":\"https:\/\/jelstrupatvudlejning.dk\/?s={search_term_string}\"},\"query-input\":{\"@type\":\"PropertyValueSpecification\",\"valueRequired\":true,\"valueName\":\"search_term_string\"}}],\"inLanguage\":\"de\"},{\"@type\":\"Organization\",\"@id\":\"https:\/\/jelstrupatvudlejning.dk\/#organization\",\"name\":\"Jelstrup ATV udlejning og br\u00e6ndesalg\",\"url\":\"https:\/\/jelstrupatvudlejning.dk\/\",\"logo\":{\"@type\":\"ImageObject\",\"inLanguage\":\"de\",\"@id\":\"https:\/\/jelstrupatvudlejning.dk\/#\/schema\/logo\/image\/\",\"url\":\"https:\/\/jelstrupatvudlejning.dk\/wp-content\/uploads\/2024\/05\/ATV-logo.png\",\"contentUrl\":\"https:\/\/jelstrupatvudlejning.dk\/wp-content\/uploads\/2024\/05\/ATV-logo.png\",\"width\":666,\"height\":375,\"caption\":\"Jelstrup ATV udlejning og br\u00e6ndesalg\"},\"image\":{\"@id\":\"https:\/\/jelstrupatvudlejning.dk\/#\/schema\/logo\/image\/\"}}]}<\/script>\n<!-- \/ Yoast SEO plugin. -->","yoast_head_json":{"title":"Bedingungen | Jelstrup ATV udlejning og br\u00e6ndesalg","robots":{"index":"index","follow":"follow","max-snippet":"max-snippet:-1","max-image-preview":"max-image-preview:large","max-video-preview":"max-video-preview:-1"},"canonical":"https:\/\/jelstrupatvudlejning.dk\/de\/bedingungen\/","og_locale":"de_DE","og_type":"article","og_title":"Bedingungen | Jelstrup ATV udlejning og br\u00e6ndesalg","og_description":"Bedingungen f\u00fcr die Anmietung eines ATV bei Jelstrup ATV Rental. Reservierung und Zahlung Reservierungen k\u00f6nnen nur nach Kontaktaufnahme per Telefon, E-Mail oder \u00fcber das Kontaktformular unter www.jelstrupatvudlejning.dk Die Reservierung ist erst g\u00fcltig, wenn Sie eine Best\u00e4tigung per SMS erhalten. \u00c4nderungen an der Reservierung m\u00fcssen so schnell wie m\u00f6glich nach der Buchung vereinbart werden. Wir k\u00f6nnen ... Weiterlesen ...","og_url":"https:\/\/jelstrupatvudlejning.dk\/de\/bedingungen\/","og_site_name":"Jelstrup ATV udlejning og br\u00e6ndesalg","article_modified_time":"2024-06-11T06:38:50+00:00","og_image":[{"width":1024,"height":1010,"url":"https:\/\/jelstrupatvudlejning.dk\/wp-content\/uploads\/2024\/05\/redigeret-alle-1024x1010-1-1.jpg","type":"image\/jpeg"}],"twitter_card":"summary_large_image","twitter_misc":{"Gesch\u00e4tzte Lesezeit":"4\u00a0Minuten"},"schema":{"@context":"https:\/\/schema.org","@graph":[{"@type":"WebPage","@id":"https:\/\/jelstrupatvudlejning.dk\/de\/bedingungen\/","url":"https:\/\/jelstrupatvudlejning.dk\/de\/bedingungen\/","name":"Bedingungen | Jelstrup ATV udlejning og br\u00e6ndesalg","isPartOf":{"@id":"https:\/\/jelstrupatvudlejning.dk\/#website"},"primaryImageOfPage":{"@id":"https:\/\/jelstrupatvudlejning.dk\/de\/bedingungen\/#primaryimage"},"image":{"@id":"https:\/\/jelstrupatvudlejning.dk\/de\/bedingungen\/#primaryimage"},"thumbnailUrl":"https:\/\/jelstrupatvudlejning.dk\/wp-content\/uploads\/2024\/05\/redigeret-alle-1024x1010-1-1.jpg","datePublished":"2024-06-04T05:41:03+00:00","dateModified":"2024-06-11T06:38:50+00:00","breadcrumb":{"@id":"https:\/\/jelstrupatvudlejning.dk\/de\/bedingungen\/#breadcrumb"},"inLanguage":"de","potentialAction":[{"@type":"ReadAction","target":["https:\/\/jelstrupatvudlejning.dk\/de\/bedingungen\/"]}]},{"@type":"ImageObject","inLanguage":"de","@id":"https:\/\/jelstrupatvudlejning.dk\/de\/bedingungen\/#primaryimage","url":"https:\/\/jelstrupatvudlejning.dk\/wp-content\/uploads\/2024\/05\/redigeret-alle-1024x1010-1-1.jpg","contentUrl":"https:\/\/jelstrupatvudlejning.dk\/wp-content\/uploads\/2024\/05\/redigeret-alle-1024x1010-1-1.jpg","width":1024,"height":1010},{"@type":"BreadcrumbList","@id":"https:\/\/jelstrupatvudlejning.dk\/de\/bedingungen\/#breadcrumb","itemListElement":[{"@type":"ListItem","position":1,"name":"Forside","item":"https:\/\/jelstrupatvudlejning.dk\/"},{"@type":"ListItem","position":2,"name":"Bedingungen"}]},{"@type":"WebSite","@id":"https:\/\/jelstrupatvudlejning.dk\/#website","url":"https:\/\/jelstrupatvudlejning.dk\/","name":"Jelstrup ATV udlejning og br\u00e6ndesalg","description":"Jelstrup ATV udlejning og br\u00e6ndesalg tilbyder aktiviteter i L\u00f8kken,-  Blokhus,- Hj\u00f8rring,- Br\u00f8nderslev og Frederikshavn","publisher":{"@id":"https:\/\/jelstrupatvudlejning.dk\/#organization"},"potentialAction":[{"@type":"SearchAction","target":{"@type":"EntryPoint","urlTemplate":"https:\/\/jelstrupatvudlejning.dk\/?s={search_term_string}"},"query-input":{"@type":"PropertyValueSpecification","valueRequired":true,"valueName":"search_term_string"}}],"inLanguage":"de"},{"@type":"Organization","@id":"https:\/\/jelstrupatvudlejning.dk\/#organization","name":"Jelstrup ATV udlejning og br\u00e6ndesalg","url":"https:\/\/jelstrupatvudlejning.dk\/","logo":{"@type":"ImageObject","inLanguage":"de","@id":"https:\/\/jelstrupatvudlejning.dk\/#\/schema\/logo\/image\/","url":"https:\/\/jelstrupatvudlejning.dk\/wp-content\/uploads\/2024\/05\/ATV-logo.png","contentUrl":"https:\/\/jelstrupatvudlejning.dk\/wp-content\/uploads\/2024\/05\/ATV-logo.png","width":666,"height":375,"caption":"Jelstrup ATV udlejning og br\u00e6ndesalg"},"image":{"@id":"https:\/\/jelstrupatvudlejning.dk\/#\/schema\/logo\/image\/"}}]}},"_links":{"self":[{"href":"https:\/\/jelstrupatvudlejning.dk\/de\/wp-json\/wp\/v2\/pages\/8912","targetHints":{"allow":["GET"]}}],"collection":[{"href":"https:\/\/jelstrupatvudlejning.dk\/de\/wp-json\/wp\/v2\/pages"}],"about":[{"href":"https:\/\/jelstrupatvudlejning.dk\/de\/wp-json\/wp\/v2\/types\/page"}],"author":[{"embeddable":true,"href":"https:\/\/jelstrupatvudlejning.dk\/de\/wp-json\/wp\/v2\/users\/8"}],"replies":[{"embeddable":true,"href":"https:\/\/jelstrupatvudlejning.dk\/de\/wp-json\/wp\/v2\/comments?post=8912"}],"version-history":[{"count":4,"href":"https:\/\/jelstrupatvudlejning.dk\/de\/wp-json\/wp\/v2\/pages\/8912\/revisions"}],"predecessor-version":[{"id":9024,"href":"https:\/\/jelstrupatvudlejning.dk\/de\/wp-json\/wp\/v2\/pages\/8912\/revisions\/9024"}],"wp:featuredmedia":[{"embeddable":true,"href":"https:\/\/jelstrupatvudlejning.dk\/de\/wp-json\/wp\/v2\/media\/8785"}],"wp:attachment":[{"href":"https:\/\/jelstrupatvudlejning.dk\/de\/wp-json\/wp\/v2\/media?parent=8912"}],"wp:term":[{"taxonomy":"category","embeddable":true,"href":"https:\/\/jelstrupatvudlejning.dk\/de\/wp-json\/wp\/v2\/categories?post=8912"}],"curies":[{"name":"wp","href":"https:\/\/api.w.org\/{rel}","templated":true}]}}