{"id":8904,"date":"2024-05-27T11:11:15","date_gmt":"2024-05-27T09:11:15","guid":{"rendered":"https:\/\/jelstrupatvudlejning.dk\/rezensionen\/"},"modified":"2024-06-11T08:37:36","modified_gmt":"2024-06-11T06:37:36","slug":"rezensionen","status":"publish","type":"page","link":"https:\/\/jelstrupatvudlejning.dk\/de\/rezensionen\/","title":{"rendered":"Rezensionen"},"content":{"rendered":"\t\t<div data-elementor-type=\"wp-page\" data-elementor-id=\"8904\" class=\"elementor elementor-8904 elementor-8553\" data-elementor-post-type=\"page\">\n\t\t\t\t<div class=\"elementor-element elementor-element-2bb3aa03 e-con-full no-padding e-flex e-con e-parent\" data-id=\"2bb3aa03\" data-element_type=\"container\">\n\t\t\t\t<div class=\"elementor-element elementor-element-4e288e2c elementor-widget elementor-widget-shortcode\" data-id=\"4e288e2c\" data-element_type=\"widget\" data-widget_type=\"shortcode.default\">\n\t\t\t\t<div class=\"elementor-widget-container\">\n\t\t\t\t\t<div class=\"elementor-shortcode\">\t\t<div data-elementor-type=\"container\" data-elementor-id=\"9130\" class=\"elementor elementor-9130 elementor-6542\" data-elementor-post-type=\"elementor_library\">\n\t\t\t\t<div class=\"elementor-element elementor-element-2bc4b5ab white e-flex e-con-boxed e-con e-parent\" data-id=\"2bc4b5ab\" data-element_type=\"container\" data-settings=\"{&quot;background_background&quot;:&quot;classic&quot;}\">\n\t\t\t\t\t<div class=\"e-con-inner\">\n\t\t\t\t<div class=\"elementor-element elementor-element-76aa15a9 elementor-widget elementor-widget-text-editor\" data-id=\"76aa15a9\" data-element_type=\"widget\" data-widget_type=\"text-editor.default\">\n\t\t\t\t<div class=\"elementor-widget-container\">\n\t\t\t<style>\/*! elementor - v3.23.0 - 05-08-2024 *\/\n.elementor-widget-text-editor.elementor-drop-cap-view-stacked .elementor-drop-cap{background-color:#69727d;color:#fff}.elementor-widget-text-editor.elementor-drop-cap-view-framed .elementor-drop-cap{color:#69727d;border:3px solid;background-color:transparent}.elementor-widget-text-editor:not(.elementor-drop-cap-view-default) .elementor-drop-cap{margin-top:8px}.elementor-widget-text-editor:not(.elementor-drop-cap-view-default) .elementor-drop-cap-letter{width:1em;height:1em}.elementor-widget-text-editor .elementor-drop-cap{float:left;text-align:center;line-height:1;font-size:50px}.elementor-widget-text-editor .elementor-drop-cap-letter{display:inline-block}<\/style>\t\t\t\tBen\u00f6tigen Sie Hilfe bei dieser Art von Aufgabe? Lesen Sie hier mehr \u00fcber unser Angebot.\t\t\t\t\t\t<\/div>\n\t\t\t\t<\/div>\n\t\t\t\t<div class=\"elementor-element elementor-element-1d645c29 elementor-icon-list--layout-inline elementor-align-center elementor-list-item-link-full_width elementor-widget elementor-widget-icon-list\" data-id=\"1d645c29\" data-element_type=\"widget\" data-widget_type=\"icon-list.default\">\n\t\t\t\t<div class=\"elementor-widget-container\">\n\t\t\t<link rel=\"stylesheet\" href=\"https:\/\/jelstrupatvudlejning.dk\/wp-content\/uploads\/elementor\/css\/custom-widget-icon-list.min.css?ver=1773659832\">\t\t<ul class=\"elementor-icon-list-items elementor-inline-items\">\n\t\t\t\t\t\t\t<li class=\"elementor-icon-list-item elementor-inline-item\">\n\t\t\t\t\t\t\t\t\t\t\t<a href=\"tel:24411550\">\n\n\t\t\t\t\t\t\t\t\t\t\t<span class=\"elementor-icon-list-text\">(+45) 24 41 15 50<\/span>\n\t\t\t\t\t\t\t\t\t\t\t<\/a>\n\t\t\t\t\t\t\t\t\t<\/li>\n\t\t\t\t\t\t\t\t<li class=\"elementor-icon-list-item elementor-inline-item\">\n\t\t\t\t\t\t\t\t\t\t\t<a href=\"mailto:jelstrupatv@icloud.com\">\n\n\t\t\t\t\t\t\t\t\t\t\t<span class=\"elementor-icon-list-text\">jelstrupatv@icloud.com<\/span>\n\t\t\t\t\t\t\t\t\t\t\t<\/a>\n\t\t\t\t\t\t\t\t\t<\/li>\n\t\t\t\t\t\t<\/ul>\n\t\t\t\t<\/div>\n\t\t\t\t<\/div>\n\t\t\t\t\t<\/div>\n\t\t\t\t<\/div>\n\t\t\t\t<\/div>\n\t\t<\/div>\n\t\t\t\t<\/div>\n\t\t\t\t<\/div>\n\t\t\t\t<\/div>\n\t\t<div class=\"elementor-element elementor-element-317ce073 e-flex e-con-boxed e-con e-parent\" data-id=\"317ce073\" data-element_type=\"container\">\n\t\t\t\t\t<div class=\"e-con-inner\">\n\t\t\t\t<div class=\"elementor-element elementor-element-438e2a5 elementor-view-default elementor-widget elementor-widget-icon\" data-id=\"438e2a5\" data-element_type=\"widget\" data-widget_type=\"icon.default\">\n\t\t\t\t<div class=\"elementor-widget-container\">\n\t\t\t\t\t<div class=\"elementor-icon-wrapper\">\n\t\t\t<div class=\"elementor-icon\">\n\t\t\t<svg aria-hidden=\"true\" class=\"e-font-icon-svg e-fas-quote-right\" viewBox=\"0 0 512 512\" xmlns=\"http:\/\/www.w3.org\/2000\/svg\"><path d=\"M464 32H336c-26.5 0-48 21.5-48 48v128c0 26.5 21.5 48 48 48h80v64c0 35.3-28.7 64-64 64h-8c-13.3 0-24 10.7-24 24v48c0 13.3 10.7 24 24 24h8c88.4 0 160-71.6 160-160V80c0-26.5-21.5-48-48-48zm-288 0H48C21.5 32 0 53.5 0 80v128c0 26.5 21.5 48 48 48h80v64c0 35.3-28.7 64-64 64h-8c-13.3 0-24 10.7-24 24v48c0 13.3 10.7 24 24 24h8c88.4 0 160-71.6 160-160V80c0-26.5-21.5-48-48-48z\"><\/path><\/svg>\t\t\t<\/div>\n\t\t<\/div>\n\t\t\t\t<\/div>\n\t\t\t\t<\/div>\n\t\t\t\t<div class=\"elementor-element elementor-element-722c4f45 elementor-widget elementor-widget-text-editor\" data-id=\"722c4f45\" data-element_type=\"widget\" data-widget_type=\"text-editor.default\">\n\t\t\t\t<div class=\"elementor-widget-container\">\n\t\t\t\t\t\t\t<h2>Was sagen unsere Kunden?<\/h2>\n\t\t\t\t\t\t<\/div>\n\t\t\t\t<\/div>\n\t\t\t\t<div class=\"elementor-element elementor-element-3092666c elementor-testimonial--skin-bubble elementor-testimonial--layout-image_inline elementor-testimonial--align-center elementor-arrows-yes elementor-widget elementor-widget-testimonial-carousel\" data-id=\"3092666c\" data-element_type=\"widget\" data-settings=\"{&quot;slides_per_view&quot;:&quot;3&quot;,&quot;slides_to_scroll&quot;:&quot;1&quot;,&quot;speed&quot;:1000,&quot;lazyload&quot;:&quot;yes&quot;,&quot;space_between&quot;:{&quot;unit&quot;:&quot;px&quot;,&quot;size&quot;:15,&quot;sizes&quot;:[]},&quot;show_arrows&quot;:&quot;yes&quot;,&quot;loop&quot;:&quot;yes&quot;,&quot;space_between_laptop&quot;:{&quot;unit&quot;:&quot;px&quot;,&quot;size&quot;:10,&quot;sizes&quot;:[]},&quot;space_between_tablet&quot;:{&quot;unit&quot;:&quot;px&quot;,&quot;size&quot;:10,&quot;sizes&quot;:[]},&quot;space_between_mobile&quot;:{&quot;unit&quot;:&quot;px&quot;,&quot;size&quot;:10,&quot;sizes&quot;:[]}}\" data-widget_type=\"testimonial-carousel.default\">\n\t\t\t\t<div class=\"elementor-widget-container\">\n\t\t\t<link rel=\"stylesheet\" href=\"https:\/\/jelstrupatvudlejning.dk\/wp-content\/plugins\/elementor-pro\/assets\/css\/widget-carousel.min.css?ver=1724401931\">\t\t<div class=\"elementor-swiper\">\n\t\t\t<div class=\"elementor-main-swiper swiper\">\n\t\t\t\t<div class=\"swiper-wrapper\">\n\t\t\t\t\t\t\t\t\t\t\t<div class=\"swiper-slide\">\n\t\t\t\t\t\t\t\t\t<div class=\"elementor-testimonial\">\n\t\t\t\t\t\t\t<div class=\"elementor-testimonial__content\">\n\t\t\t\t\t<div class=\"elementor-testimonial__text\">\n\t\t\t\t\t\t<p>Super Erlebnis beim Fahren am Strand entlang der steilen Klippen, die langsam vom Meer zerst\u00f6rt werden. Guter Einstieg in das Fahren eines ATV und die sichere Unterbringung von Kindern auf dem R\u00fccksitz. Eine Reise wert.<\/p>\n\t\t\t\t\t<\/div>\n\t\t\t\t\t\t\t\t\t<\/div>\n\t\t\t\t\t\t<div class=\"elementor-testimonial__footer\">\n\t\t\t\t\t\t\t\t<cite class=\"elementor-testimonial__cite\"><span class=\"elementor-testimonial__name\">Helle Brandtlund  <\/span><\/cite>\t\t\t<\/div>\n\t\t<\/div>\n\t\t\t\t\t\t\t\t<\/div>\n\t\t\t\t\t\t\t\t\t\t\t<div class=\"swiper-slide\">\n\t\t\t\t\t\t\t\t\t<div class=\"elementor-testimonial\">\n\t\t\t\t\t\t\t<div class=\"elementor-testimonial__content\">\n\t\t\t\t\t<div class=\"elementor-testimonial__text\">\n\t\t\t\t\t\t<p>Wir machten einen ATV-Ausflug und es war das coolste Erlebnis. Es ist auf jeden Fall zu empfehlen, an den Strand zu fahren \u2013 Wind in den Haaren, Rascheln im Magen und Erinnerungen f\u00fcrs Leben.<\/p>\n\t\t\t\t\t<\/div>\n\t\t\t\t\t\t\t\t\t<\/div>\n\t\t\t\t\t\t<div class=\"elementor-testimonial__footer\">\n\t\t\t\t\t\t\t\t<cite class=\"elementor-testimonial__cite\"><span class=\"elementor-testimonial__name\">Line Ingesen Jansen <\/span><\/cite>\t\t\t<\/div>\n\t\t<\/div>\n\t\t\t\t\t\t\t\t<\/div>\n\t\t\t\t\t\t\t\t\t\t\t<div class=\"swiper-slide\">\n\t\t\t\t\t\t\t\t\t<div class=\"elementor-testimonial\">\n\t\t\t\t\t\t\t<div class=\"elementor-testimonial__content\">\n\t\t\t\t\t<div class=\"elementor-testimonial__text\">\n\t\t\t\t\t\t<p>Freundliche und einladende Menschen, die f\u00fcr die Vermietung verantwortlich sind. <\/p>\n<p>Von hier aus 5 gro\u00dfe Sterne.\u201c <\/p>\n<p> Cooler Ort, mieten Sie ein ATV, fahren Sie los und beobachten Sie den Sonnenuntergang mit einem goldenen Karamell im Mund. Es muss ausprobiert werden \ud83d\udc4d\ud83d\ude0a<\/p>\n\t\t\t\t\t<\/div>\n\t\t\t\t\t\t\t\t\t<\/div>\n\t\t\t\t\t\t<div class=\"elementor-testimonial__footer\">\n\t\t\t\t\t\t\t\t<cite class=\"elementor-testimonial__cite\"><span class=\"elementor-testimonial__name\">Simon H <\/span><\/cite>\t\t\t<\/div>\n\t\t<\/div>\n\t\t\t\t\t\t\t\t<\/div>\n\t\t\t\t\t\t\t\t\t\t\t<div class=\"swiper-slide\">\n\t\t\t\t\t\t\t\t\t<div class=\"elementor-testimonial\">\n\t\t\t\t\t\t\t<div class=\"elementor-testimonial__content\">\n\t\t\t\t\t<div class=\"elementor-testimonial__text\">\n\t\t\t\t\t\t<p>Top Service und perfekte Abwicklung.<\/p>\n\t\t\t\t\t<\/div>\n\t\t\t\t\t\t\t\t\t<\/div>\n\t\t\t\t\t\t<div class=\"elementor-testimonial__footer\">\n\t\t\t\t\t\t\t\t<cite class=\"elementor-testimonial__cite\"><span class=\"elementor-testimonial__name\">Anne B <\/span><\/cite>\t\t\t<\/div>\n\t\t<\/div>\n\t\t\t\t\t\t\t\t<\/div>\n\t\t\t\t\t\t\t\t\t\t\t<div class=\"swiper-slide\">\n\t\t\t\t\t\t\t\t\t<div class=\"elementor-testimonial\">\n\t\t\t\t\t\t\t<div class=\"elementor-testimonial__content\">\n\t\t\t\t\t<div class=\"elementor-testimonial__text\">\n\t\t\t\t\t\t<p>Es macht gro\u00dfen Spa\u00df, am Strand mit einem ATV oder U-TV zu spielen. Sch\u00f6ne Maschinen in gutem Zustand. Nette Leute, die vermieten \ud83d\udc4d<\/p>\n\t\t\t\t\t<\/div>\n\t\t\t\t\t\t\t\t\t<\/div>\n\t\t\t\t\t\t<div class=\"elementor-testimonial__footer\">\n\t\t\t\t\t\t\t\t<cite class=\"elementor-testimonial__cite\"><span class=\"elementor-testimonial__name\">Morten<\/span><span class=\"elementor-testimonial__title\">Gammelgaard<\/span><\/cite>\t\t\t<\/div>\n\t\t<\/div>\n\t\t\t\t\t\t\t\t<\/div>\n\t\t\t\t\t\t\t\t\t\t\t<div class=\"swiper-slide\">\n\t\t\t\t\t\t\t\t\t<div class=\"elementor-testimonial\">\n\t\t\t\t\t\t\t<div class=\"elementor-testimonial__content\">\n\t\t\t\t\t<div class=\"elementor-testimonial__text\">\n\t\t\t\t\t\t<p>Wirklich lustige Erfahrung. Wir fuhren auf kleinen angenehmen Stra\u00dfen mit Bauernh\u00f6fen zum Strand, wo wir (2 Personen auf 1 ATV) am Strand zu den L\u00f8kken-Bunkern und fast bis zur R\u00e5bjerg-Meile fuhren. Perfekte Reise<\/p>\n\t\t\t\t\t<\/div>\n\t\t\t\t\t\t\t\t\t<\/div>\n\t\t\t\t\t\t<div class=\"elementor-testimonial__footer\">\n\t\t\t\t\t\t\t\t<cite class=\"elementor-testimonial__cite\"><span class=\"elementor-testimonial__name\">Anne<\/span><span class=\"elementor-testimonial__title\">Altoft<\/span><\/cite>\t\t\t<\/div>\n\t\t<\/div>\n\t\t\t\t\t\t\t\t<\/div>\n\t\t\t\t\t\t\t\t\t\t\t<div class=\"swiper-slide\">\n\t\t\t\t\t\t\t\t\t<div class=\"elementor-testimonial\">\n\t\t\t\t\t\t\t<div class=\"elementor-testimonial__content\">\n\t\t\t\t\t<div class=\"elementor-testimonial__text\">\n\t\t\t\t\t\t<p>Liebe Betreiber! Trotz eines ereignisreichen Tages \ud83d\ude48\ud83d\ude4a hat die Fahrt mit dem ATV viel Spa\u00df gemacht!<\/p>\n\t\t\t\t\t<\/div>\n\t\t\t\t\t\t\t\t\t<\/div>\n\t\t\t\t\t\t<div class=\"elementor-testimonial__footer\">\n\t\t\t\t\t\t\t\t<cite class=\"elementor-testimonial__cite\"><span class=\"elementor-testimonial__name\">Alister<\/span><span class=\"elementor-testimonial__title\">McStrudel<\/span><\/cite>\t\t\t<\/div>\n\t\t<\/div>\n\t\t\t\t\t\t\t\t<\/div>\n\t\t\t\t\t\t\t\t\t\t\t<div class=\"swiper-slide\">\n\t\t\t\t\t\t\t\t\t<div class=\"elementor-testimonial\">\n\t\t\t\t\t\t\t<div class=\"elementor-testimonial__content\">\n\t\t\t\t\t<div class=\"elementor-testimonial__text\">\n\t\t\t\t\t\t<p>Cooles Erlebnis, am Strand fahren zu k\u00f6nnen.<\/p>\n\t\t\t\t\t<\/div>\n\t\t\t\t\t\t\t\t\t<\/div>\n\t\t\t\t\t\t<div class=\"elementor-testimonial__footer\">\n\t\t\t\t\t\t\t\t<cite class=\"elementor-testimonial__cite\"><span class=\"elementor-testimonial__name\">Morten <\/span><span class=\"elementor-testimonial__title\">Riis<\/span><\/cite>\t\t\t<\/div>\n\t\t<\/div>\n\t\t\t\t\t\t\t\t<\/div>\n\t\t\t\t\t\t\t\t\t<\/div>\n\t\t\t\t\t\t\t\t\t\t\t\t\t\t\t\t\t\t\t\t<div class=\"elementor-swiper-button elementor-swiper-button-prev\" role=\"button\" tabindex=\"0\">\n\t\t\t\t\t\t\t<svg aria-hidden=\"true\" class=\"e-font-icon-svg e-eicon-chevron-left\" viewBox=\"0 0 1000 1000\" xmlns=\"http:\/\/www.w3.org\/2000\/svg\"><path d=\"M646 125C629 125 613 133 604 142L308 442C296 454 292 471 292 487 292 504 296 521 308 533L604 854C617 867 629 875 646 875 663 875 679 871 692 858 704 846 713 829 713 812 713 796 708 779 692 767L438 487 692 225C700 217 708 204 708 187 708 171 704 154 692 142 675 129 663 125 646 125Z\"><\/path><\/svg>\t\t\t\t\t\t\t<span class=\"elementor-screen-only\">Voriger<\/span>\n\t\t\t\t\t\t<\/div>\n\t\t\t\t\t\t<div class=\"elementor-swiper-button elementor-swiper-button-next\" role=\"button\" tabindex=\"0\">\n\t\t\t\t\t\t\t<svg aria-hidden=\"true\" class=\"e-font-icon-svg e-eicon-chevron-right\" viewBox=\"0 0 1000 1000\" xmlns=\"http:\/\/www.w3.org\/2000\/svg\"><path d=\"M696 533C708 521 713 504 713 487 713 471 708 454 696 446L400 146C388 133 375 125 354 125 338 125 325 129 313 142 300 154 292 171 292 187 292 204 296 221 308 233L563 492 304 771C292 783 288 800 288 817 288 833 296 850 308 863 321 871 338 875 354 875 371 875 388 867 400 854L696 533Z\"><\/path><\/svg>\t\t\t\t\t\t\t<span class=\"elementor-screen-only\">N\u00e4chster<\/span>\n\t\t\t\t\t\t<\/div>\n\t\t\t\t\t\t\t\t\t\t\t\t<\/div>\n\t\t<\/div>\n\t\t\t\t<\/div>\n\t\t\t\t<\/div>\n\t\t\t\t\t<\/div>\n\t\t\t\t<\/div>\n\t\t<div class=\"elementor-element elementor-element-7c91cd2f overlay white e-flex e-con-boxed e-con e-parent\" data-id=\"7c91cd2f\" data-element_type=\"container\" data-settings=\"{&quot;background_background&quot;:&quot;classic&quot;}\">\n\t\t\t\t\t<div class=\"e-con-inner\">\n\t\t\t\t<div class=\"elementor-element elementor-element-4d141ba5 elementor-widget__width-initial elementor-widget elementor-widget-text-editor\" data-id=\"4d141ba5\" data-element_type=\"widget\" data-widget_type=\"text-editor.default\">\n\t\t\t\t<div class=\"elementor-widget-container\">\n\t\t\t\t\t\t\t<h6 style=\"text-align: center;\">Kontaktieren Sie uns noch heute<\/h6><h3 style=\"text-align: center;\">M\u00f6chten Sie mehr wissen?<\/h3><p style=\"text-align: center;\">Sollten Sie hier auf unserer Website nicht gen\u00fcgend Informationen zu Ihrer Wunschaufgabe finden, k\u00f6nnen Sie uns jederzeit gerne f\u00fcr ein unverbindliches Gespr\u00e4ch und ggf. ein Angebot f\u00fcr die Aufgabe kontaktieren.<\/p><p style=\"text-align: center;\">Rufen Sie uns unter <a href=\"tel:24411550\">(+45) 24 41 15 50<\/a> an oder senden Sie eine E-Mail an <a href=\"mailto:jelstrupatv @icloud.com\">jelstrupatv@icloud.com<\/a>. Wir werden Ihre Anfrage so schnell wie m\u00f6glich beantworten.<\/p>\t\t\t\t\t\t<\/div>\n\t\t\t\t<\/div>\n\t\t\t\t<div class=\"elementor-element elementor-element-192104ab elementor-align-center cta elementor-widget elementor-widget-button\" data-id=\"192104ab\" data-element_type=\"widget\" data-widget_type=\"button.default\">\n\t\t\t\t<div class=\"elementor-widget-container\">\n\t\t\t\t\t<div class=\"elementor-button-wrapper\">\n\t\t\t<a class=\"elementor-button elementor-button-link elementor-size-sm\" href=\"\/de\/kontakt\/\">\n\t\t\t\t\t\t<span class=\"elementor-button-content-wrapper\">\n\t\t\t\t\t\t\t\t\t<span class=\"elementor-button-text\"> Kontaktiere uns heute<\/span>\n\t\t\t\t\t<\/span>\n\t\t\t\t\t<\/a>\n\t\t<\/div>\n\t\t\t\t<\/div>\n\t\t\t\t<\/div>\n\t\t\t\t\t<\/div>\n\t\t\t\t<\/div>\n\t\t\t\t<\/div>\n\t\t","protected":false},"excerpt":{"rendered":"<p>Ben\u00f6tigen Sie Hilfe bei dieser Art von Aufgabe? Lesen Sie hier mehr \u00fcber unser Angebot.<\/p>\n","protected":false},"author":8,"featured_media":8747,"parent":0,"menu_order":1002,"comment_status":"closed","ping_status":"closed","template":"","meta":{"_acf_changed":false,"footnotes":""},"categories":[25,81],"class_list":{"0":"post-8904","1":"page","2":"type-page","3":"status-publish","4":"has-post-thumbnail","6":"category-ydelser","7":"category-ydelser-de"},"acf":[],"yoast_head":"<!-- This site is optimized with the Yoast SEO plugin v26.1 - https:\/\/yoast.com\/wordpress\/plugins\/seo\/ -->\n<title>Rezensionen | Jelstrup ATV udlejning og br\u00e6ndesalg<\/title>\n<meta name=\"robots\" content=\"index, follow, max-snippet:-1, max-image-preview:large, max-video-preview:-1\" \/>\n<link rel=\"canonical\" href=\"https:\/\/jelstrupatvudlejning.dk\/de\/rezensionen\/\" \/>\n<meta property=\"og:locale\" content=\"de_DE\" \/>\n<meta property=\"og:type\" content=\"article\" \/>\n<meta property=\"og:title\" content=\"Rezensionen | Jelstrup ATV udlejning og br\u00e6ndesalg\" \/>\n<meta property=\"og:description\" content=\"Ben\u00f6tigen Sie Hilfe bei dieser Art von Aufgabe? Lesen Sie hier mehr \u00fcber unser Angebot.\" \/>\n<meta property=\"og:url\" content=\"https:\/\/jelstrupatvudlejning.dk\/de\/rezensionen\/\" \/>\n<meta property=\"og:site_name\" content=\"Jelstrup ATV udlejning og br\u00e6ndesalg\" \/>\n<meta property=\"article:modified_time\" content=\"2024-06-11T06:37:36+00:00\" \/>\n<meta property=\"og:image\" content=\"https:\/\/jelstrupatvudlejning.dk\/wp-content\/uploads\/2024\/05\/thumbnail_image2.jpg\" \/>\n\t<meta property=\"og:image:width\" content=\"828\" \/>\n\t<meta property=\"og:image:height\" content=\"1065\" \/>\n\t<meta property=\"og:image:type\" content=\"image\/jpeg\" \/>\n<meta name=\"twitter:card\" content=\"summary_large_image\" \/>\n<meta name=\"twitter:label1\" content=\"Gesch\u00e4tzte Lesezeit\" \/>\n\t<meta name=\"twitter:data1\" content=\"1\u00a0Minute\" \/>\n<script type=\"application\/ld+json\" class=\"yoast-schema-graph\">{\"@context\":\"https:\/\/schema.org\",\"@graph\":[{\"@type\":\"WebPage\",\"@id\":\"https:\/\/jelstrupatvudlejning.dk\/de\/rezensionen\/\",\"url\":\"https:\/\/jelstrupatvudlejning.dk\/de\/rezensionen\/\",\"name\":\"Rezensionen | Jelstrup ATV udlejning og br\u00e6ndesalg\",\"isPartOf\":{\"@id\":\"https:\/\/jelstrupatvudlejning.dk\/#website\"},\"primaryImageOfPage\":{\"@id\":\"https:\/\/jelstrupatvudlejning.dk\/de\/rezensionen\/#primaryimage\"},\"image\":{\"@id\":\"https:\/\/jelstrupatvudlejning.dk\/de\/rezensionen\/#primaryimage\"},\"thumbnailUrl\":\"https:\/\/jelstrupatvudlejning.dk\/wp-content\/uploads\/2024\/05\/thumbnail_image2.jpg\",\"datePublished\":\"2024-05-27T09:11:15+00:00\",\"dateModified\":\"2024-06-11T06:37:36+00:00\",\"breadcrumb\":{\"@id\":\"https:\/\/jelstrupatvudlejning.dk\/de\/rezensionen\/#breadcrumb\"},\"inLanguage\":\"de\",\"potentialAction\":[{\"@type\":\"ReadAction\",\"target\":[\"https:\/\/jelstrupatvudlejning.dk\/de\/rezensionen\/\"]}]},{\"@type\":\"ImageObject\",\"inLanguage\":\"de\",\"@id\":\"https:\/\/jelstrupatvudlejning.dk\/de\/rezensionen\/#primaryimage\",\"url\":\"https:\/\/jelstrupatvudlejning.dk\/wp-content\/uploads\/2024\/05\/thumbnail_image2.jpg\",\"contentUrl\":\"https:\/\/jelstrupatvudlejning.dk\/wp-content\/uploads\/2024\/05\/thumbnail_image2.jpg\",\"width\":828,\"height\":1065},{\"@type\":\"BreadcrumbList\",\"@id\":\"https:\/\/jelstrupatvudlejning.dk\/de\/rezensionen\/#breadcrumb\",\"itemListElement\":[{\"@type\":\"ListItem\",\"position\":1,\"name\":\"Forside\",\"item\":\"https:\/\/jelstrupatvudlejning.dk\/\"},{\"@type\":\"ListItem\",\"position\":2,\"name\":\"Rezensionen\"}]},{\"@type\":\"WebSite\",\"@id\":\"https:\/\/jelstrupatvudlejning.dk\/#website\",\"url\":\"https:\/\/jelstrupatvudlejning.dk\/\",\"name\":\"Jelstrup ATV udlejning og br\u00e6ndesalg\",\"description\":\"Jelstrup ATV udlejning og br\u00e6ndesalg tilbyder aktiviteter i L\u00f8kken,-  Blokhus,- Hj\u00f8rring,- Br\u00f8nderslev og Frederikshavn\",\"publisher\":{\"@id\":\"https:\/\/jelstrupatvudlejning.dk\/#organization\"},\"potentialAction\":[{\"@type\":\"SearchAction\",\"target\":{\"@type\":\"EntryPoint\",\"urlTemplate\":\"https:\/\/jelstrupatvudlejning.dk\/?s={search_term_string}\"},\"query-input\":{\"@type\":\"PropertyValueSpecification\",\"valueRequired\":true,\"valueName\":\"search_term_string\"}}],\"inLanguage\":\"de\"},{\"@type\":\"Organization\",\"@id\":\"https:\/\/jelstrupatvudlejning.dk\/#organization\",\"name\":\"Jelstrup ATV udlejning og br\u00e6ndesalg\",\"url\":\"https:\/\/jelstrupatvudlejning.dk\/\",\"logo\":{\"@type\":\"ImageObject\",\"inLanguage\":\"de\",\"@id\":\"https:\/\/jelstrupatvudlejning.dk\/#\/schema\/logo\/image\/\",\"url\":\"https:\/\/jelstrupatvudlejning.dk\/wp-content\/uploads\/2024\/05\/ATV-logo.png\",\"contentUrl\":\"https:\/\/jelstrupatvudlejning.dk\/wp-content\/uploads\/2024\/05\/ATV-logo.png\",\"width\":666,\"height\":375,\"caption\":\"Jelstrup ATV udlejning og br\u00e6ndesalg\"},\"image\":{\"@id\":\"https:\/\/jelstrupatvudlejning.dk\/#\/schema\/logo\/image\/\"}}]}<\/script>\n<!-- \/ Yoast SEO plugin. -->","yoast_head_json":{"title":"Rezensionen | Jelstrup ATV udlejning og br\u00e6ndesalg","robots":{"index":"index","follow":"follow","max-snippet":"max-snippet:-1","max-image-preview":"max-image-preview:large","max-video-preview":"max-video-preview:-1"},"canonical":"https:\/\/jelstrupatvudlejning.dk\/de\/rezensionen\/","og_locale":"de_DE","og_type":"article","og_title":"Rezensionen | Jelstrup ATV udlejning og br\u00e6ndesalg","og_description":"Ben\u00f6tigen Sie Hilfe bei dieser Art von Aufgabe? Lesen Sie hier mehr \u00fcber unser Angebot.","og_url":"https:\/\/jelstrupatvudlejning.dk\/de\/rezensionen\/","og_site_name":"Jelstrup ATV udlejning og br\u00e6ndesalg","article_modified_time":"2024-06-11T06:37:36+00:00","og_image":[{"width":828,"height":1065,"url":"https:\/\/jelstrupatvudlejning.dk\/wp-content\/uploads\/2024\/05\/thumbnail_image2.jpg","type":"image\/jpeg"}],"twitter_card":"summary_large_image","twitter_misc":{"Gesch\u00e4tzte Lesezeit":"1\u00a0Minute"},"schema":{"@context":"https:\/\/schema.org","@graph":[{"@type":"WebPage","@id":"https:\/\/jelstrupatvudlejning.dk\/de\/rezensionen\/","url":"https:\/\/jelstrupatvudlejning.dk\/de\/rezensionen\/","name":"Rezensionen | Jelstrup ATV udlejning og br\u00e6ndesalg","isPartOf":{"@id":"https:\/\/jelstrupatvudlejning.dk\/#website"},"primaryImageOfPage":{"@id":"https:\/\/jelstrupatvudlejning.dk\/de\/rezensionen\/#primaryimage"},"image":{"@id":"https:\/\/jelstrupatvudlejning.dk\/de\/rezensionen\/#primaryimage"},"thumbnailUrl":"https:\/\/jelstrupatvudlejning.dk\/wp-content\/uploads\/2024\/05\/thumbnail_image2.jpg","datePublished":"2024-05-27T09:11:15+00:00","dateModified":"2024-06-11T06:37:36+00:00","breadcrumb":{"@id":"https:\/\/jelstrupatvudlejning.dk\/de\/rezensionen\/#breadcrumb"},"inLanguage":"de","potentialAction":[{"@type":"ReadAction","target":["https:\/\/jelstrupatvudlejning.dk\/de\/rezensionen\/"]}]},{"@type":"ImageObject","inLanguage":"de","@id":"https:\/\/jelstrupatvudlejning.dk\/de\/rezensionen\/#primaryimage","url":"https:\/\/jelstrupatvudlejning.dk\/wp-content\/uploads\/2024\/05\/thumbnail_image2.jpg","contentUrl":"https:\/\/jelstrupatvudlejning.dk\/wp-content\/uploads\/2024\/05\/thumbnail_image2.jpg","width":828,"height":1065},{"@type":"BreadcrumbList","@id":"https:\/\/jelstrupatvudlejning.dk\/de\/rezensionen\/#breadcrumb","itemListElement":[{"@type":"ListItem","position":1,"name":"Forside","item":"https:\/\/jelstrupatvudlejning.dk\/"},{"@type":"ListItem","position":2,"name":"Rezensionen"}]},{"@type":"WebSite","@id":"https:\/\/jelstrupatvudlejning.dk\/#website","url":"https:\/\/jelstrupatvudlejning.dk\/","name":"Jelstrup ATV udlejning og br\u00e6ndesalg","description":"Jelstrup ATV udlejning og br\u00e6ndesalg tilbyder aktiviteter i L\u00f8kken,-  Blokhus,- Hj\u00f8rring,- Br\u00f8nderslev og Frederikshavn","publisher":{"@id":"https:\/\/jelstrupatvudlejning.dk\/#organization"},"potentialAction":[{"@type":"SearchAction","target":{"@type":"EntryPoint","urlTemplate":"https:\/\/jelstrupatvudlejning.dk\/?s={search_term_string}"},"query-input":{"@type":"PropertyValueSpecification","valueRequired":true,"valueName":"search_term_string"}}],"inLanguage":"de"},{"@type":"Organization","@id":"https:\/\/jelstrupatvudlejning.dk\/#organization","name":"Jelstrup ATV udlejning og br\u00e6ndesalg","url":"https:\/\/jelstrupatvudlejning.dk\/","logo":{"@type":"ImageObject","inLanguage":"de","@id":"https:\/\/jelstrupatvudlejning.dk\/#\/schema\/logo\/image\/","url":"https:\/\/jelstrupatvudlejning.dk\/wp-content\/uploads\/2024\/05\/ATV-logo.png","contentUrl":"https:\/\/jelstrupatvudlejning.dk\/wp-content\/uploads\/2024\/05\/ATV-logo.png","width":666,"height":375,"caption":"Jelstrup ATV udlejning og br\u00e6ndesalg"},"image":{"@id":"https:\/\/jelstrupatvudlejning.dk\/#\/schema\/logo\/image\/"}}]}},"_links":{"self":[{"href":"https:\/\/jelstrupatvudlejning.dk\/de\/wp-json\/wp\/v2\/pages\/8904","targetHints":{"allow":["GET"]}}],"collection":[{"href":"https:\/\/jelstrupatvudlejning.dk\/de\/wp-json\/wp\/v2\/pages"}],"about":[{"href":"https:\/\/jelstrupatvudlejning.dk\/de\/wp-json\/wp\/v2\/types\/page"}],"author":[{"embeddable":true,"href":"https:\/\/jelstrupatvudlejning.dk\/de\/wp-json\/wp\/v2\/users\/8"}],"replies":[{"embeddable":true,"href":"https:\/\/jelstrupatvudlejning.dk\/de\/wp-json\/wp\/v2\/comments?post=8904"}],"version-history":[{"count":4,"href":"https:\/\/jelstrupatvudlejning.dk\/de\/wp-json\/wp\/v2\/pages\/8904\/revisions"}],"predecessor-version":[{"id":9012,"href":"https:\/\/jelstrupatvudlejning.dk\/de\/wp-json\/wp\/v2\/pages\/8904\/revisions\/9012"}],"wp:featuredmedia":[{"embeddable":true,"href":"https:\/\/jelstrupatvudlejning.dk\/de\/wp-json\/wp\/v2\/media\/8747"}],"wp:attachment":[{"href":"https:\/\/jelstrupatvudlejning.dk\/de\/wp-json\/wp\/v2\/media?parent=8904"}],"wp:term":[{"taxonomy":"category","embeddable":true,"href":"https:\/\/jelstrupatvudlejning.dk\/de\/wp-json\/wp\/v2\/categories?post=8904"}],"curies":[{"name":"wp","href":"https:\/\/api.w.org\/{rel}","templated":true}]}}